{"id":3157,"date":"2022-05-12T22:18:20","date_gmt":"2022-05-12T22:18:20","guid":{"rendered":"http:\/\/sensationbrands.net\/kitdeingreso-copy\/"},"modified":"2024-02-17T01:17:01","modified_gmt":"2024-02-17T01:17:01","slug":"kitdeinreso-jewelry","status":"publish","type":"page","link":"https:\/\/sensationbrands.net\/es\/kitdeinreso-jewelry\/","title":{"rendered":"KIT JEWELRY"},"content":{"rendered":"<div data-elementor-type=\"wp-page\" data-elementor-id=\"3157\" class=\"elementor elementor-3157\" data-elementor-post-type=\"page\">\n\t\t\t\t<div class=\"elementor-element elementor-element-bd60147 e-flex e-con-boxed e-con e-parent\" data-id=\"bd60147\" data-element_type=\"container\" data-settings=\"{&quot;background_background&quot;:&quot;classic&quot;}\">\n\t\t\t\t\t<div class=\"e-con-inner\">\n\t\t<div class=\"elementor-element elementor-element-2ce5e64 e-con-full e-flex e-con e-child\" data-id=\"2ce5e64\" data-element_type=\"container\">\n\t\t\t\t<div class=\"elementor-element elementor-element-084551f elementor-widget__width-initial elementor-widget elementor-widget-heading\" data-id=\"084551f\" data-element_type=\"widget\" data-widget_type=\"heading.default\">\n\t\t\t\t<div class=\"elementor-widget-container\">\n\t\t\t\t\t<h2 class=\"elementor-heading-title elementor-size-default\">Obt\u00e9n m\u00e1s Dinero <\/h2>\t\t\t\t<\/div>\n\t\t\t\t<\/div>\n\t\t\t\t<div class=\"elementor-element elementor-element-c913545 elementor-widget__width-initial elementor-widget elementor-widget-heading\" data-id=\"c913545\" data-element_type=\"widget\" data-widget_type=\"heading.default\">\n\t\t\t\t<div class=\"elementor-widget-container\">\n\t\t\t\t\t<h2 class=\"elementor-heading-title elementor-size-default\">Obt\u00e9n m\u00e1s Dinero<\/h2>\t\t\t\t<\/div>\n\t\t\t\t<\/div>\n\t\t\t\t<div class=\"elementor-element elementor-element-c2c9563 elementor-widget__width-initial elementor-widget elementor-widget-heading\" data-id=\"c2c9563\" data-element_type=\"widget\" data-widget_type=\"heading.default\">\n\t\t\t\t<div class=\"elementor-widget-container\">\n\t\t\t\t\t<h2 class=\"elementor-heading-title elementor-size-default\">Desde tu Primera Compra con tu Kit de Ingreso Sensation Brands, tu puedes....<\/h2>\t\t\t\t<\/div>\n\t\t\t\t<\/div>\n\t\t\t\t<div class=\"elementor-element elementor-element-cdd86b2 elementor-widget__width-initial elementor-widget elementor-widget-heading\" data-id=\"cdd86b2\" data-element_type=\"widget\" data-widget_type=\"heading.default\">\n\t\t\t\t<div class=\"elementor-widget-container\">\n\t\t\t\t\t<p class=\"elementor-heading-title elementor-size-default\">Al unirte a Sensation Brands tienes la posibilidad de definir objetivos importantes para ti, estableciendo tu propio horario, y a la vez formas parte de una comunidad dispuesta a promover soluciones que complementan salud, belleza y estilo para toda la familia.<\/p>\t\t\t\t<\/div>\n\t\t\t\t<\/div>\n\t\t\t\t<\/div>\n\t\t<div class=\"elementor-element elementor-element-2d15a17 e-con-full e-flex e-con e-child\" data-id=\"2d15a17\" data-element_type=\"container\" data-settings=\"{&quot;background_background&quot;:&quot;classic&quot;}\">\n\t\t\t\t<div class=\"elementor-element elementor-element-a54f44a elementor-widget elementor-widget-image\" data-id=\"a54f44a\" data-element_type=\"widget\" data-widget_type=\"image.default\">\n\t\t\t\t<div class=\"elementor-widget-container\">\n\t\t\t\t\t\t\t\t\t\t\t\t\t\t\t<img fetchpriority=\"high\" decoding=\"async\" width=\"1920\" height=\"1920\" src=\"https:\/\/sensationbrands.net\/wp-content\/uploads\/2024\/02\/Smart-Beauty-Care-Sensation-Brands1.png\" class=\"attachment-full size-full wp-image-5832\" alt=\"\" srcset=\"https:\/\/sensationbrands.net\/wp-content\/uploads\/2024\/02\/Smart-Beauty-Care-Sensation-Brands1.png 1920w, https:\/\/sensationbrands.net\/wp-content\/uploads\/2024\/02\/Smart-Beauty-Care-Sensation-Brands1-300x300.png 300w, https:\/\/sensationbrands.net\/wp-content\/uploads\/2024\/02\/Smart-Beauty-Care-Sensation-Brands1-1024x1024.png 1024w, https:\/\/sensationbrands.net\/wp-content\/uploads\/2024\/02\/Smart-Beauty-Care-Sensation-Brands1-150x150.png 150w, https:\/\/sensationbrands.net\/wp-content\/uploads\/2024\/02\/Smart-Beauty-Care-Sensation-Brands1-768x768.png 768w, https:\/\/sensationbrands.net\/wp-content\/uploads\/2024\/02\/Smart-Beauty-Care-Sensation-Brands1-1536x1536.png 1536w, https:\/\/sensationbrands.net\/wp-content\/uploads\/2024\/02\/Smart-Beauty-Care-Sensation-Brands1-1320x1320.png 1320w\" sizes=\"(max-width: 1920px) 100vw, 1920px\" \/>\t\t\t\t\t\t\t\t\t\t\t\t\t\t\t<\/div>\n\t\t\t\t<\/div>\n\t\t\t\t<\/div>\n\t\t\t\t\t<\/div>\n\t\t\t\t<\/div>\n\t\t<div class=\"elementor-element elementor-element-3a4d73b e-flex e-con-boxed e-con e-parent\" data-id=\"3a4d73b\" data-element_type=\"container\">\n\t\t\t\t\t<div class=\"e-con-inner\">\n\t\t<div class=\"elementor-element elementor-element-37a74f3 e-con-full e-flex e-con e-child\" data-id=\"37a74f3\" data-element_type=\"container\">\n\t\t\t\t<div class=\"elementor-element elementor-element-97d3f5d elementor-widget elementor-widget-spacer\" data-id=\"97d3f5d\" data-element_type=\"widget\" data-widget_type=\"spacer.default\">\n\t\t\t\t<div class=\"elementor-widget-container\">\n\t\t\t\t\t\t\t<div class=\"elementor-spacer\">\n\t\t\t<div class=\"elementor-spacer-inner\"><\/div>\n\t\t<\/div>\n\t\t\t\t\t\t<\/div>\n\t\t\t\t<\/div>\n\t\t\t\t<div class=\"elementor-element elementor-element-015b32c elementor-widget__width-initial elementor-widget-tablet__width-inherit elementor-widget elementor-widget-heading\" data-id=\"015b32c\" data-element_type=\"widget\" data-widget_type=\"heading.default\">\n\t\t\t\t<div class=\"elementor-widget-container\">\n\t\t\t\t\t<h2 class=\"elementor-heading-title elementor-size-default\">El Kit Inicial Jewelry<\/h2>\t\t\t\t<\/div>\n\t\t\t\t<\/div>\n\t\t<div class=\"elementor-element elementor-element-7b01779 e-flex e-con-boxed e-con e-child\" data-id=\"7b01779\" data-element_type=\"container\">\n\t\t\t\t\t<div class=\"e-con-inner\">\n\t\t\t\t<div class=\"elementor-element elementor-element-e4cb44a elementor-invisible elementor-widget elementor-widget-text-editor\" data-id=\"e4cb44a\" data-element_type=\"widget\" data-settings=\"{&quot;_animation&quot;:&quot;fadeInUp&quot;}\" data-widget_type=\"text-editor.default\">\n\t\t\t\t<div class=\"elementor-widget-container\">\n\t\t\t\t\t\t\t\t\t<p><span style=\"font-style: inherit; font-weight: inherit;\">Este kit incluye 25 piezas variadas de Oro Laminado de 18K<\/span><\/p>\t\t\t\t\t\t\t\t<\/div>\n\t\t\t\t<\/div>\n\t\t\t\t\t<\/div>\n\t\t\t\t<\/div>\n\t\t\t\t<\/div>\n\t\t\t\t\t<\/div>\n\t\t\t\t<\/div>\n\t\t<div class=\"elementor-element elementor-element-27ae7b8 e-flex e-con-boxed e-con e-parent\" data-id=\"27ae7b8\" data-element_type=\"container\">\n\t\t\t\t\t<div class=\"e-con-inner\">\n\t\t<div class=\"elementor-element elementor-element-4a120d5 e-con-full e-flex e-con e-child\" data-id=\"4a120d5\" data-element_type=\"container\">\n\t\t\t\t<div class=\"elementor-element elementor-element-d6a0dec elementor-widget elementor-widget-image\" data-id=\"d6a0dec\" data-element_type=\"widget\" data-widget_type=\"image.default\">\n\t\t\t\t<div class=\"elementor-widget-container\">\n\t\t\t\t\t\t\t\t\t\t\t\t\t\t\t<img decoding=\"async\" width=\"1024\" height=\"1024\" src=\"https:\/\/sensationbrands.net\/wp-content\/uploads\/2024\/02\/Kit-Smart-Jewelry-1024x1024.png\" class=\"attachment-large size-large wp-image-5664\" alt=\"\" srcset=\"https:\/\/sensationbrands.net\/wp-content\/uploads\/2024\/02\/Kit-Smart-Jewelry-1024x1024.png 1024w, https:\/\/sensationbrands.net\/wp-content\/uploads\/2024\/02\/Kit-Smart-Jewelry-300x300.png 300w, https:\/\/sensationbrands.net\/wp-content\/uploads\/2024\/02\/Kit-Smart-Jewelry-150x150.png 150w, https:\/\/sensationbrands.net\/wp-content\/uploads\/2024\/02\/Kit-Smart-Jewelry-768x768.png 768w, https:\/\/sensationbrands.net\/wp-content\/uploads\/2024\/02\/Kit-Smart-Jewelry.png 1080w\" sizes=\"(max-width: 1024px) 100vw, 1024px\" \/>\t\t\t\t\t\t\t\t\t\t\t\t\t\t\t<\/div>\n\t\t\t\t<\/div>\n\t\t\t\t<\/div>\n\t\t<div class=\"elementor-element elementor-element-6ebe8fd e-con-full e-flex e-con e-child\" data-id=\"6ebe8fd\" data-element_type=\"container\">\n\t\t\t\t<div class=\"elementor-element elementor-element-a82064d elementor-widget-tablet__width-inherit elementor-widget elementor-widget-heading\" data-id=\"a82064d\" data-element_type=\"widget\" data-widget_type=\"heading.default\">\n\t\t\t\t<div class=\"elementor-widget-container\">\n\t\t\t\t\t<h3 class=\"elementor-heading-title elementor-size-default\">Con un valor de m\u00e1s de $600, POR SOLO $250<\/h3>\t\t\t\t<\/div>\n\t\t\t\t<\/div>\n\t\t\t\t<div class=\"elementor-element elementor-element-abb3f29 elementor-align-center elementor-mobile-align-center elementor-widget elementor-widget-button\" data-id=\"abb3f29\" data-element_type=\"widget\" data-widget_type=\"button.default\">\n\t\t\t\t<div class=\"elementor-widget-container\">\n\t\t\t\t\t\t\t\t\t<div class=\"elementor-button-wrapper\">\n\t\t\t\t\t<a class=\"elementor-button elementor-button-link elementor-size-sm\" href=\"https:\/\/tienda.sensationbrands.net\/producto\/kit-jewelry\/\" target=\"_blank\">\n\t\t\t\t\t\t<span class=\"elementor-button-content-wrapper\">\n\t\t\t\t\t\t<span class=\"elementor-button-icon\">\n\t\t\t\t<i aria-hidden=\"true\" class=\"fas fa-shopping-cart\"><\/i>\t\t\t<\/span>\n\t\t\t\t\t\t\t\t\t<span class=\"elementor-button-text\">OBT\u00c9N TU KIT AQU\u00cd<\/span>\n\t\t\t\t\t<\/span>\n\t\t\t\t\t<\/a>\n\t\t\t\t<\/div>\n\t\t\t\t\t\t\t\t<\/div>\n\t\t\t\t<\/div>\n\t\t\t\t<div class=\"elementor-element elementor-element-ed81bd0 elementor-widget elementor-widget-heading\" data-id=\"ed81bd0\" data-element_type=\"widget\" data-widget_type=\"heading.default\">\n\t\t\t\t<div class=\"elementor-widget-container\">\n\t\t\t\t\t<p class=\"elementor-heading-title elementor-size-default\">tienes alguna duda?<\/p>\t\t\t\t<\/div>\n\t\t\t\t<\/div>\n\t\t\t\t<div class=\"elementor-element elementor-element-8b21f3e elementor-align-center elementor-mobile-align-center elementor-widget elementor-widget-button\" data-id=\"8b21f3e\" data-element_type=\"widget\" data-widget_type=\"button.default\">\n\t\t\t\t<div class=\"elementor-widget-container\">\n\t\t\t\t\t\t\t\t\t<div class=\"elementor-button-wrapper\">\n\t\t\t\t\t<a class=\"elementor-button elementor-button-link elementor-size-sm\" href=\"https:\/\/api.whatsapp.com\/send?phone=+13022448209&#038;text=Quiero%20ampliar%20la%20informaci%C3%B3n%20sobre%20el%20Kit%20de%20Inicio%20Beauty%20Care\" target=\"_blank\">\n\t\t\t\t\t\t<span class=\"elementor-button-content-wrapper\">\n\t\t\t\t\t\t<span class=\"elementor-button-icon\">\n\t\t\t\t<i aria-hidden=\"true\" class=\"fab fa-whatsapp\"><\/i>\t\t\t<\/span>\n\t\t\t\t\t\t\t\t\t<span class=\"elementor-button-text\">ESCR\u00cdBENOS AQU\u00cd<\/span>\n\t\t\t\t\t<\/span>\n\t\t\t\t\t<\/a>\n\t\t\t\t<\/div>\n\t\t\t\t\t\t\t\t<\/div>\n\t\t\t\t<\/div>\n\t\t\t\t<div class=\"elementor-element elementor-element-2a84213 elementor-widget-divider--view-line elementor-widget elementor-widget-divider\" data-id=\"2a84213\" data-element_type=\"widget\" data-widget_type=\"divider.default\">\n\t\t\t\t<div class=\"elementor-widget-container\">\n\t\t\t\t\t\t\t<div class=\"elementor-divider\">\n\t\t\t<span class=\"elementor-divider-separator\">\n\t\t\t\t\t\t<\/span>\n\t\t<\/div>\n\t\t\t\t\t\t<\/div>\n\t\t\t\t<\/div>\n\t\t\t\t<div class=\"elementor-element elementor-element-8f94fee elementor-widget elementor-widget-text-editor\" data-id=\"8f94fee\" data-element_type=\"widget\" data-widget_type=\"text-editor.default\">\n\t\t\t\t<div class=\"elementor-widget-container\">\n\t\t\t\t\t\t\t\t\t<p><strong>*<\/strong>Este Kit solo puede ser adquirido 1 vez por la Nueva Representante hasta su 1er mes luego de haber niciado con su inscripci\u00f3n Digital.<br \/><strong>Nota:<\/strong> Los precios que se muestran aqu\u00ed no incluyen los impuestos correspondientes de cada estado. Las fechas est\u00e1n sujetas a cambios y podr\u00eda haber sustituciones.<\/p>\t\t\t\t\t\t\t\t<\/div>\n\t\t\t\t<\/div>\n\t\t\t\t<\/div>\n\t\t\t\t\t<\/div>\n\t\t\t\t<\/div>\n\t\t\t\t<\/div>","protected":false},"excerpt":{"rendered":"<p>Obt\u00e9n m\u00e1s Dinero Obt\u00e9n m\u00e1s Dinero Desde tu Primera Compra con tu Kit de Ingreso Sensation Brands, tu puedes&#8230;. Al unirte a Sensation Brands tienes la posibilidad de definir objetivos importantes para ti, estableciendo tu propio horario, y a la vez formas parte de una comunidad dispuesta a promover soluciones que complementan salud, belleza y [&hellip;]<\/p>","protected":false},"author":3,"featured_media":0,"parent":0,"menu_order":0,"comment_status":"closed","ping_status":"closed","template":"","meta":{"_acf_changed":false,"_monsterinsights_skip_tracking":false,"_monsterinsights_sitenote_active":false,"_monsterinsights_sitenote_note":"","_monsterinsights_sitenote_category":0,"site-sidebar-layout":"no-sidebar","site-content-layout":"page-builder","ast-site-content-layout":"full-width-container","site-content-style":"unboxed","site-sidebar-style":"unboxed","ast-global-header-display":"","ast-banner-title-visibility":"","ast-main-header-display":"","ast-hfb-above-header-display":"","ast-hfb-below-header-display":"","ast-hfb-mobile-header-display":"","site-post-title":"disabled","ast-breadcrumbs-content":"","ast-featured-img":"disabled","footer-sml-layout":"","theme-transparent-header-meta":"default","adv-header-id-meta":"","stick-header-meta":"","header-above-stick-meta":"","header-main-stick-meta":"","header-below-stick-meta":"","astra-migrate-meta-layouts":"set","ast-page-background-enabled":"default","ast-page-background-meta":{"desktop":{"background-color":"var(--ast-global-color-4)","background-image":"","background-repeat":"repeat","background-position":"center center","background-size":"auto","background-attachment":"scroll","background-type":"","background-media":"","overlay-type":"","overlay-color":"","overlay-opacity":"","overlay-gradient":""},"tablet":{"background-color":"","background-image":"","background-repeat":"repeat","background-position":"center center","background-size":"auto","background-attachment":"scroll","background-type":"","background-media":"","overlay-type":"","overlay-color":"","overlay-opacity":"","overlay-gradient":""},"mobile":{"background-color":"","background-image":"","background-repeat":"repeat","background-position":"center center","background-size":"auto","background-attachment":"scroll","background-type":"","background-media":"","overlay-type":"","overlay-color":"","overlay-opacity":"","overlay-gradient":""}},"ast-content-background-meta":{"desktop":{"background-color":"var(--ast-global-color-5)","background-image":"","background-repeat":"repeat","background-position":"center center","background-size":"auto","background-attachment":"scroll","background-type":"","background-media":"","overlay-type":"","overlay-color":"","overlay-opacity":"","overlay-gradient":""},"tablet":{"background-color":"var(--ast-global-color-5)","background-image":"","background-repeat":"repeat","background-position":"center center","background-size":"auto","background-attachment":"scroll","background-type":"","background-media":"","overlay-type":"","overlay-color":"","overlay-opacity":"","overlay-gradient":""},"mobile":{"background-color":"var(--ast-global-color-5)","background-image":"","background-repeat":"repeat","background-position":"center center","background-size":"auto","background-attachment":"scroll","background-type":"","background-media":"","overlay-type":"","overlay-color":"","overlay-opacity":"","overlay-gradient":""}},"footnotes":""},"class_list":["post-3157","page","type-page","status-publish","hentry"],"acf":[],"yoast_head":"<!-- This site is optimized with the Yoast SEO plugin v23.7 - https:\/\/yoast.com\/wordpress\/plugins\/seo\/ -->\n<title>KIT JEWELRY - Sensation Brands<\/title>\n<meta name=\"description\" content=\"Una forma de generar m\u00e1s ingresos en la medida de tus esfuerzos y respaldado por una extraordinaria Joyer\u00eda de Oro Laminado de 18K\" \/>\n<meta name=\"robots\" content=\"index, follow, max-snippet:-1, max-image-preview:large, max-video-preview:-1\" \/>\n<link rel=\"canonical\" href=\"https:\/\/sensationbrands.net\/es\/kitdeinreso-jewelry\/\" \/>\n<meta property=\"og:locale\" content=\"es_ES\" \/>\n<meta property=\"og:type\" content=\"article\" \/>\n<meta property=\"og:title\" content=\"KIT JEWELRY - Sensation Brands\" \/>\n<meta property=\"og:description\" content=\"Una forma de generar m\u00e1s ingresos en la medida de tus esfuerzos y respaldado por una extraordinaria Joyer\u00eda de Oro Laminado de 18K\" \/>\n<meta property=\"og:url\" content=\"https:\/\/sensationbrands.net\/es\/kitdeinreso-jewelry\/\" \/>\n<meta property=\"og:site_name\" content=\"Sensation Brands\" \/>\n<meta property=\"article:modified_time\" content=\"2024-02-17T01:17:01+00:00\" \/>\n<meta property=\"og:image\" content=\"https:\/\/sensationbrands.net\/wp-content\/uploads\/2024\/02\/Smart-Beauty-Care-Sensation-Brands1.png\" \/>\n<meta name=\"twitter:card\" content=\"summary_large_image\" \/>\n<meta name=\"twitter:label1\" content=\"Tiempo de lectura\" \/>\n\t<meta name=\"twitter:data1\" content=\"2 minutos\" \/>\n<script type=\"application\/ld+json\" class=\"yoast-schema-graph\">{\"@context\":\"https:\/\/schema.org\",\"@graph\":[{\"@type\":\"WebPage\",\"@id\":\"https:\/\/sensationbrands.net\/kitdeinreso-jewelry\/\",\"url\":\"https:\/\/sensationbrands.net\/kitdeinreso-jewelry\/\",\"name\":\"KIT JEWELRY - Sensation Brands\",\"isPartOf\":{\"@id\":\"https:\/\/sensationbrands.net\/#website\"},\"primaryImageOfPage\":{\"@id\":\"https:\/\/sensationbrands.net\/kitdeinreso-jewelry\/#primaryimage\"},\"image\":{\"@id\":\"https:\/\/sensationbrands.net\/kitdeinreso-jewelry\/#primaryimage\"},\"thumbnailUrl\":\"https:\/\/sensationbrands.net\/wp-content\/uploads\/2024\/02\/Smart-Beauty-Care-Sensation-Brands1.png\",\"datePublished\":\"2022-05-12T22:18:20+00:00\",\"dateModified\":\"2024-02-17T01:17:01+00:00\",\"description\":\"Una forma de generar m\u00e1s ingresos en la medida de tus esfuerzos y respaldado por una extraordinaria Joyer\u00eda de Oro Laminado de 18K\",\"breadcrumb\":{\"@id\":\"https:\/\/sensationbrands.net\/kitdeinreso-jewelry\/#breadcrumb\"},\"inLanguage\":\"es\",\"potentialAction\":[{\"@type\":\"ReadAction\",\"target\":[\"https:\/\/sensationbrands.net\/kitdeinreso-jewelry\/\"]}]},{\"@type\":\"ImageObject\",\"inLanguage\":\"es\",\"@id\":\"https:\/\/sensationbrands.net\/kitdeinreso-jewelry\/#primaryimage\",\"url\":\"https:\/\/sensationbrands.net\/wp-content\/uploads\/2024\/02\/Smart-Beauty-Care-Sensation-Brands1.png\",\"contentUrl\":\"https:\/\/sensationbrands.net\/wp-content\/uploads\/2024\/02\/Smart-Beauty-Care-Sensation-Brands1.png\"},{\"@type\":\"BreadcrumbList\",\"@id\":\"https:\/\/sensationbrands.net\/kitdeinreso-jewelry\/#breadcrumb\",\"itemListElement\":[{\"@type\":\"ListItem\",\"position\":1,\"name\":\"Portada\",\"item\":\"https:\/\/sensationbrands.net\/\"},{\"@type\":\"ListItem\",\"position\":2,\"name\":\"KIT JEWELRY\"}]},{\"@type\":\"WebSite\",\"@id\":\"https:\/\/sensationbrands.net\/#website\",\"url\":\"https:\/\/sensationbrands.net\/\",\"name\":\"Sensation Brands\",\"description\":\"Tu Decides cu\u00e1nto tiempo quieres trabajar y cu\u00e1nto dinero quieres ganar\",\"publisher\":{\"@id\":\"https:\/\/sensationbrands.net\/#organization\"},\"potentialAction\":[{\"@type\":\"SearchAction\",\"target\":{\"@type\":\"EntryPoint\",\"urlTemplate\":\"https:\/\/sensationbrands.net\/?s={search_term_string}\"},\"query-input\":{\"@type\":\"PropertyValueSpecification\",\"valueRequired\":true,\"valueName\":\"search_term_string\"}}],\"inLanguage\":\"es\"},{\"@type\":\"Organization\",\"@id\":\"https:\/\/sensationbrands.net\/#organization\",\"name\":\"Sensation Brands\",\"url\":\"https:\/\/sensationbrands.net\/\",\"logo\":{\"@type\":\"ImageObject\",\"inLanguage\":\"es\",\"@id\":\"https:\/\/sensationbrands.net\/#\/schema\/logo\/image\/\",\"url\":\"https:\/\/sensationbrands.net\/wp-content\/uploads\/2024\/10\/cropped-LOGO-HORIZONTAL-1.png\",\"contentUrl\":\"https:\/\/sensationbrands.net\/wp-content\/uploads\/2024\/10\/cropped-LOGO-HORIZONTAL-1.png\",\"width\":1026,\"height\":494,\"caption\":\"Sensation Brands\"},\"image\":{\"@id\":\"https:\/\/sensationbrands.net\/#\/schema\/logo\/image\/\"}}]}<\/script>\n<!-- \/ Yoast SEO plugin. -->","yoast_head_json":{"title":"KIT JEWELRY - Sensation Brands","description":"Una forma de generar m\u00e1s ingresos en la medida de tus esfuerzos y respaldado por una extraordinaria Joyer\u00eda de Oro Laminado de 18K","robots":{"index":"index","follow":"follow","max-snippet":"max-snippet:-1","max-image-preview":"max-image-preview:large","max-video-preview":"max-video-preview:-1"},"canonical":"https:\/\/sensationbrands.net\/es\/kitdeinreso-jewelry\/","og_locale":"es_ES","og_type":"article","og_title":"KIT JEWELRY - Sensation Brands","og_description":"Una forma de generar m\u00e1s ingresos en la medida de tus esfuerzos y respaldado por una extraordinaria Joyer\u00eda de Oro Laminado de 18K","og_url":"https:\/\/sensationbrands.net\/es\/kitdeinreso-jewelry\/","og_site_name":"Sensation Brands","article_modified_time":"2024-02-17T01:17:01+00:00","og_image":[{"url":"https:\/\/sensationbrands.net\/wp-content\/uploads\/2024\/02\/Smart-Beauty-Care-Sensation-Brands1.png"}],"twitter_card":"summary_large_image","twitter_misc":{"Tiempo de lectura":"2 minutos"},"schema":{"@context":"https:\/\/schema.org","@graph":[{"@type":"WebPage","@id":"https:\/\/sensationbrands.net\/kitdeinreso-jewelry\/","url":"https:\/\/sensationbrands.net\/kitdeinreso-jewelry\/","name":"KIT JEWELRY - Sensation Brands","isPartOf":{"@id":"https:\/\/sensationbrands.net\/#website"},"primaryImageOfPage":{"@id":"https:\/\/sensationbrands.net\/kitdeinreso-jewelry\/#primaryimage"},"image":{"@id":"https:\/\/sensationbrands.net\/kitdeinreso-jewelry\/#primaryimage"},"thumbnailUrl":"https:\/\/sensationbrands.net\/wp-content\/uploads\/2024\/02\/Smart-Beauty-Care-Sensation-Brands1.png","datePublished":"2022-05-12T22:18:20+00:00","dateModified":"2024-02-17T01:17:01+00:00","description":"Una forma de generar m\u00e1s ingresos en la medida de tus esfuerzos y respaldado por una extraordinaria Joyer\u00eda de Oro Laminado de 18K","breadcrumb":{"@id":"https:\/\/sensationbrands.net\/kitdeinreso-jewelry\/#breadcrumb"},"inLanguage":"es","potentialAction":[{"@type":"ReadAction","target":["https:\/\/sensationbrands.net\/kitdeinreso-jewelry\/"]}]},{"@type":"ImageObject","inLanguage":"es","@id":"https:\/\/sensationbrands.net\/kitdeinreso-jewelry\/#primaryimage","url":"https:\/\/sensationbrands.net\/wp-content\/uploads\/2024\/02\/Smart-Beauty-Care-Sensation-Brands1.png","contentUrl":"https:\/\/sensationbrands.net\/wp-content\/uploads\/2024\/02\/Smart-Beauty-Care-Sensation-Brands1.png"},{"@type":"BreadcrumbList","@id":"https:\/\/sensationbrands.net\/kitdeinreso-jewelry\/#breadcrumb","itemListElement":[{"@type":"ListItem","position":1,"name":"Portada","item":"https:\/\/sensationbrands.net\/"},{"@type":"ListItem","position":2,"name":"KIT JEWELRY"}]},{"@type":"WebSite","@id":"https:\/\/sensationbrands.net\/#website","url":"https:\/\/sensationbrands.net\/","name":"Sensation Brands","description":"Tu Decides cu\u00e1nto tiempo quieres trabajar y cu\u00e1nto dinero quieres ganar","publisher":{"@id":"https:\/\/sensationbrands.net\/#organization"},"potentialAction":[{"@type":"SearchAction","target":{"@type":"EntryPoint","urlTemplate":"https:\/\/sensationbrands.net\/?s={search_term_string}"},"query-input":{"@type":"PropertyValueSpecification","valueRequired":true,"valueName":"search_term_string"}}],"inLanguage":"es"},{"@type":"Organization","@id":"https:\/\/sensationbrands.net\/#organization","name":"Sensation Brands","url":"https:\/\/sensationbrands.net\/","logo":{"@type":"ImageObject","inLanguage":"es","@id":"https:\/\/sensationbrands.net\/#\/schema\/logo\/image\/","url":"https:\/\/sensationbrands.net\/wp-content\/uploads\/2024\/10\/cropped-LOGO-HORIZONTAL-1.png","contentUrl":"https:\/\/sensationbrands.net\/wp-content\/uploads\/2024\/10\/cropped-LOGO-HORIZONTAL-1.png","width":1026,"height":494,"caption":"Sensation Brands"},"image":{"@id":"https:\/\/sensationbrands.net\/#\/schema\/logo\/image\/"}}]}},"_links":{"self":[{"href":"https:\/\/sensationbrands.net\/es\/wp-json\/wp\/v2\/pages\/3157"}],"collection":[{"href":"https:\/\/sensationbrands.net\/es\/wp-json\/wp\/v2\/pages"}],"about":[{"href":"https:\/\/sensationbrands.net\/es\/wp-json\/wp\/v2\/types\/page"}],"author":[{"embeddable":true,"href":"https:\/\/sensationbrands.net\/es\/wp-json\/wp\/v2\/users\/3"}],"replies":[{"embeddable":true,"href":"https:\/\/sensationbrands.net\/es\/wp-json\/wp\/v2\/comments?post=3157"}],"version-history":[{"count":21,"href":"https:\/\/sensationbrands.net\/es\/wp-json\/wp\/v2\/pages\/3157\/revisions"}],"predecessor-version":[{"id":5843,"href":"https:\/\/sensationbrands.net\/es\/wp-json\/wp\/v2\/pages\/3157\/revisions\/5843"}],"wp:attachment":[{"href":"https:\/\/sensationbrands.net\/es\/wp-json\/wp\/v2\/media?parent=3157"}],"curies":[{"name":"wp","href":"https:\/\/api.w.org\/{rel}","templated":true}]}}