{"id":354,"date":"2022-01-19T22:40:55","date_gmt":"2022-01-19T22:40:55","guid":{"rendered":"http:\/\/sensationbrands.net\/unete-copy\/"},"modified":"2022-02-04T02:03:00","modified_gmt":"2022-02-04T02:03:00","slug":"reactivacion","status":"publish","type":"page","link":"https:\/\/sensationbrands.net\/es\/reactivacion\/","title":{"rendered":"REACTIVACI\u00d3N"},"content":{"rendered":"<div data-elementor-type=\"wp-page\" data-elementor-id=\"354\" class=\"elementor elementor-354\" data-elementor-post-type=\"page\">\n\t\t\t\t\t\t<section class=\"elementor-section elementor-top-section elementor-element elementor-element-16d65042 elementor-section-height-min-height elementor-section-boxed elementor-section-height-default elementor-section-items-middle\" data-id=\"16d65042\" data-element_type=\"section\" data-settings=\"{&quot;background_background&quot;:&quot;classic&quot;}\">\n\t\t\t\t\t\t\t<div class=\"elementor-background-overlay\"><\/div>\n\t\t\t\t\t\t\t<div class=\"elementor-container elementor-column-gap-default\">\n\t\t\t\t\t<div class=\"elementor-column elementor-col-33 elementor-top-column elementor-element elementor-element-5ffb059e\" data-id=\"5ffb059e\" data-element_type=\"column\">\n\t\t\t<div class=\"elementor-widget-wrap\">\n\t\t\t\t\t\t\t<\/div>\n\t\t<\/div>\n\t\t\t\t<div class=\"elementor-column elementor-col-33 elementor-top-column elementor-element elementor-element-53108f4\" data-id=\"53108f4\" data-element_type=\"column\">\n\t\t\t<div class=\"elementor-widget-wrap elementor-element-populated\">\n\t\t\t\t\t\t<div class=\"elementor-element elementor-element-5464d606 elementor-widget elementor-widget-heading\" data-id=\"5464d606\" data-element_type=\"widget\" data-widget_type=\"heading.default\">\n\t\t\t\t<div class=\"elementor-widget-container\">\n\t\t\t\t\t<h2 class=\"elementor-heading-title elementor-size-default\">\u00a1ESTAMOS FELICES DE TENERTE DE VUELTA!<\/h2>\t\t\t\t<\/div>\n\t\t\t\t<\/div>\n\t\t\t\t<div class=\"elementor-element elementor-element-9d00ff7 elementor-widget elementor-widget-image\" data-id=\"9d00ff7\" data-element_type=\"widget\" data-widget_type=\"image.default\">\n\t\t\t\t<div class=\"elementor-widget-container\">\n\t\t\t\t\t\t\t\t\t\t\t\t\t\t\t<img fetchpriority=\"high\" decoding=\"async\" width=\"1024\" height=\"576\" src=\"https:\/\/sensationbrands.net\/wp-content\/uploads\/2022\/02\/bienvenida_reactivaciones_sb-1024x576.jpg\" class=\"attachment-large size-large wp-image-599\" alt=\"\" srcset=\"https:\/\/sensationbrands.net\/wp-content\/uploads\/2022\/02\/bienvenida_reactivaciones_sb-1024x576.jpg 1024w, https:\/\/sensationbrands.net\/wp-content\/uploads\/2022\/02\/bienvenida_reactivaciones_sb-600x338.jpg 600w, https:\/\/sensationbrands.net\/wp-content\/uploads\/2022\/02\/bienvenida_reactivaciones_sb-300x169.jpg 300w, https:\/\/sensationbrands.net\/wp-content\/uploads\/2022\/02\/bienvenida_reactivaciones_sb-768x432.jpg 768w, https:\/\/sensationbrands.net\/wp-content\/uploads\/2022\/02\/bienvenida_reactivaciones_sb-1536x864.jpg 1536w, https:\/\/sensationbrands.net\/wp-content\/uploads\/2022\/02\/bienvenida_reactivaciones_sb.jpg 1920w\" sizes=\"(max-width: 1024px) 100vw, 1024px\" \/>\t\t\t\t\t\t\t\t\t\t\t\t\t\t\t<\/div>\n\t\t\t\t<\/div>\n\t\t\t\t<div class=\"elementor-element elementor-element-5fb716d8 elementor-widget elementor-widget-menu-anchor\" data-id=\"5fb716d8\" data-element_type=\"widget\" data-widget_type=\"menu-anchor.default\">\n\t\t\t\t<div class=\"elementor-widget-container\">\n\t\t\t\t\t\t\t<div class=\"elementor-menu-anchor\" id=\"reactivacion\"><\/div>\n\t\t\t\t\t\t<\/div>\n\t\t\t\t<\/div>\n\t\t\t\t<div class=\"elementor-element elementor-element-44691a4f elementor-widget elementor-widget-text-editor\" data-id=\"44691a4f\" data-element_type=\"widget\" data-widget_type=\"text-editor.default\">\n\t\t\t\t<div class=\"elementor-widget-container\">\n\t\t\t\t\t\t\t\t\t<p>D\u00e9janos tus datos para reactivar tu cuenta y en la pr\u00f3ximas horas estaremos contact\u00e1ndote<\/p>\t\t\t\t\t\t\t\t<\/div>\n\t\t\t\t<\/div>\n\t\t\t\t<div class=\"elementor-element elementor-element-23986ef elementor-widget elementor-widget-html\" data-id=\"23986ef\" data-element_type=\"widget\" data-widget_type=\"html.default\">\n\t\t\t\t<div class=\"elementor-widget-container\">\n\t\t\t\t\t<script type=\"text\/javascript\" src=\"https:\/\/clientify.net\/web-marketing\/superforms\/script\/66281.js\"><\/script>\t\t\t\t<\/div>\n\t\t\t\t<\/div>\n\t\t\t\t<div class=\"elementor-element elementor-element-180b81d elementor-widget elementor-widget-spacer\" data-id=\"180b81d\" data-element_type=\"widget\" data-widget_type=\"spacer.default\">\n\t\t\t\t<div class=\"elementor-widget-container\">\n\t\t\t\t\t\t\t<div class=\"elementor-spacer\">\n\t\t\t<div class=\"elementor-spacer-inner\"><\/div>\n\t\t<\/div>\n\t\t\t\t\t\t<\/div>\n\t\t\t\t<\/div>\n\t\t\t\t<div class=\"elementor-element elementor-element-1b14004 elementor-widget elementor-widget-text-editor\" data-id=\"1b14004\" data-element_type=\"widget\" data-widget_type=\"text-editor.default\">\n\t\t\t\t<div class=\"elementor-widget-container\">\n\t\t\t\t\t\t\t\t\t<p>El mejor regalo que le puedes dar a tu familia es tiempo, por esa raz\u00f3n en Sensation Brands te apoyamos para que puedas ganar buen dinero en poco tiempo, te damos capacitaci\u00f3n constante para que desarrolles todo tu potencial y puedas ser productiva aun estando en casa.<\/p><p>En Sensation Brands te recibimos tal y como eres no necesitas experiencia, solo debes tener un objetivo definido y aqu\u00ed encontraras el apoyo de otras personas que al igual que tu desean un mejor futuro para s\u00ed mismas y para los que aman, somos una comunidad de gente emprendedora que se apoya mutuamente para obtener el \u00e9xito en cada \u00e1rea de sus vidas.<\/p>\t\t\t\t\t\t\t\t<\/div>\n\t\t\t\t<\/div>\n\t\t\t\t\t<\/div>\n\t\t<\/div>\n\t\t\t\t<div class=\"elementor-column elementor-col-33 elementor-top-column elementor-element elementor-element-72c909a\" data-id=\"72c909a\" data-element_type=\"column\">\n\t\t\t<div class=\"elementor-widget-wrap\">\n\t\t\t\t\t\t\t<\/div>\n\t\t<\/div>\n\t\t\t\t\t<\/div>\n\t\t<\/section>\n\t\t\t\t<\/div>","protected":false},"excerpt":{"rendered":"<p>\u00a1ESTAMOS FELICES DE TENERTE DE VUELTA! D\u00e9janos tus datos para reactivar tu cuenta y en la pr\u00f3ximas horas estaremos contact\u00e1ndote El mejor regalo que le puedes dar a tu familia es tiempo, por esa raz\u00f3n en Sensation Brands te apoyamos para que puedas ganar buen dinero en poco tiempo, te damos capacitaci\u00f3n constante para que [&hellip;]<\/p>\n","protected":false},"author":3,"featured_media":0,"parent":0,"menu_order":0,"comment_status":"closed","ping_status":"closed","template":"","meta":{"_acf_changed":false,"_monsterinsights_skip_tracking":false,"_monsterinsights_sitenote_active":false,"_monsterinsights_sitenote_note":"","_monsterinsights_sitenote_category":0,"site-sidebar-layout":"no-sidebar","site-content-layout":"page-builder","ast-site-content-layout":"","site-content-style":"default","site-sidebar-style":"default","ast-global-header-display":"","ast-banner-title-visibility":"","ast-main-header-display":"","ast-hfb-above-header-display":"","ast-hfb-below-header-display":"","ast-hfb-mobile-header-display":"","site-post-title":"disabled","ast-breadcrumbs-content":"","ast-featured-img":"disabled","footer-sml-layout":"","theme-transparent-header-meta":"default","adv-header-id-meta":"","stick-header-meta":"","header-above-stick-meta":"","header-main-stick-meta":"","header-below-stick-meta":"","astra-migrate-meta-layouts":"default","ast-page-background-enabled":"default","ast-page-background-meta":{"desktop":{"background-color":"var(--ast-global-color-4)","background-image":"","background-repeat":"repeat","background-position":"center center","background-size":"auto","background-attachment":"scroll","background-type":"","background-media":"","overlay-type":"","overlay-color":"","overlay-opacity":"","overlay-gradient":""},"tablet":{"background-color":"","background-image":"","background-repeat":"repeat","background-position":"center center","background-size":"auto","background-attachment":"scroll","background-type":"","background-media":"","overlay-type":"","overlay-color":"","overlay-opacity":"","overlay-gradient":""},"mobile":{"background-color":"","background-image":"","background-repeat":"repeat","background-position":"center center","background-size":"auto","background-attachment":"scroll","background-type":"","background-media":"","overlay-type":"","overlay-color":"","overlay-opacity":"","overlay-gradient":""}},"ast-content-background-meta":{"desktop":{"background-color":"var(--ast-global-color-5)","background-image":"","background-repeat":"repeat","background-position":"center center","background-size":"auto","background-attachment":"scroll","background-type":"","background-media":"","overlay-type":"","overlay-color":"","overlay-opacity":"","overlay-gradient":""},"tablet":{"background-color":"var(--ast-global-color-5)","background-image":"","background-repeat":"repeat","background-position":"center center","background-size":"auto","background-attachment":"scroll","background-type":"","background-media":"","overlay-type":"","overlay-color":"","overlay-opacity":"","overlay-gradient":""},"mobile":{"background-color":"var(--ast-global-color-5)","background-image":"","background-repeat":"repeat","background-position":"center center","background-size":"auto","background-attachment":"scroll","background-type":"","background-media":"","overlay-type":"","overlay-color":"","overlay-opacity":"","overlay-gradient":""}},"footnotes":""},"class_list":["post-354","page","type-page","status-publish","hentry"],"acf":[],"yoast_head":"<!-- This site is optimized with the Yoast SEO plugin v23.7 - https:\/\/yoast.com\/wordpress\/plugins\/seo\/ -->\n<title>REACTIVACI\u00d3N - Sensation Brands<\/title>\n<meta name=\"robots\" content=\"index, follow, max-snippet:-1, max-image-preview:large, max-video-preview:-1\" \/>\n<link rel=\"canonical\" href=\"https:\/\/sensationbrands.net\/es\/reactivacion\/\" \/>\n<meta property=\"og:locale\" content=\"es_ES\" \/>\n<meta property=\"og:type\" content=\"article\" \/>\n<meta property=\"og:title\" content=\"REACTIVACI\u00d3N - Sensation Brands\" \/>\n<meta property=\"og:description\" content=\"\u00a1ESTAMOS FELICES DE TENERTE DE VUELTA! D\u00e9janos tus datos para reactivar tu cuenta y en la pr\u00f3ximas horas estaremos contact\u00e1ndote El mejor regalo que le puedes dar a tu familia es tiempo, por esa raz\u00f3n en Sensation Brands te apoyamos para que puedas ganar buen dinero en poco tiempo, te damos capacitaci\u00f3n constante para que [&hellip;]\" \/>\n<meta property=\"og:url\" content=\"https:\/\/sensationbrands.net\/es\/reactivacion\/\" \/>\n<meta property=\"og:site_name\" content=\"Sensation Brands\" \/>\n<meta property=\"article:modified_time\" content=\"2022-02-04T02:03:00+00:00\" \/>\n<meta property=\"og:image\" content=\"http:\/\/sensationbrands.net\/wp-content\/uploads\/2022\/02\/bienvenida_reactivaciones_sb-1024x576.jpg\" \/>\n<meta name=\"twitter:card\" content=\"summary_large_image\" \/>\n<meta name=\"twitter:label1\" content=\"Tiempo de lectura\" \/>\n\t<meta name=\"twitter:data1\" content=\"1 minuto\" \/>\n<script type=\"application\/ld+json\" class=\"yoast-schema-graph\">{\"@context\":\"https:\/\/schema.org\",\"@graph\":[{\"@type\":\"WebPage\",\"@id\":\"https:\/\/sensationbrands.net\/reactivacion\/\",\"url\":\"https:\/\/sensationbrands.net\/reactivacion\/\",\"name\":\"REACTIVACI\u00d3N - Sensation Brands\",\"isPartOf\":{\"@id\":\"https:\/\/sensationbrands.net\/#website\"},\"primaryImageOfPage\":{\"@id\":\"https:\/\/sensationbrands.net\/reactivacion\/#primaryimage\"},\"image\":{\"@id\":\"https:\/\/sensationbrands.net\/reactivacion\/#primaryimage\"},\"thumbnailUrl\":\"http:\/\/sensationbrands.net\/wp-content\/uploads\/2022\/02\/bienvenida_reactivaciones_sb-1024x576.jpg\",\"datePublished\":\"2022-01-19T22:40:55+00:00\",\"dateModified\":\"2022-02-04T02:03:00+00:00\",\"breadcrumb\":{\"@id\":\"https:\/\/sensationbrands.net\/reactivacion\/#breadcrumb\"},\"inLanguage\":\"es\",\"potentialAction\":[{\"@type\":\"ReadAction\",\"target\":[\"https:\/\/sensationbrands.net\/reactivacion\/\"]}]},{\"@type\":\"ImageObject\",\"inLanguage\":\"es\",\"@id\":\"https:\/\/sensationbrands.net\/reactivacion\/#primaryimage\",\"url\":\"http:\/\/sensationbrands.net\/wp-content\/uploads\/2022\/02\/bienvenida_reactivaciones_sb-1024x576.jpg\",\"contentUrl\":\"http:\/\/sensationbrands.net\/wp-content\/uploads\/2022\/02\/bienvenida_reactivaciones_sb-1024x576.jpg\"},{\"@type\":\"BreadcrumbList\",\"@id\":\"https:\/\/sensationbrands.net\/reactivacion\/#breadcrumb\",\"itemListElement\":[{\"@type\":\"ListItem\",\"position\":1,\"name\":\"Portada\",\"item\":\"https:\/\/sensationbrands.net\/\"},{\"@type\":\"ListItem\",\"position\":2,\"name\":\"REACTIVACI\u00d3N\"}]},{\"@type\":\"WebSite\",\"@id\":\"https:\/\/sensationbrands.net\/#website\",\"url\":\"https:\/\/sensationbrands.net\/\",\"name\":\"Sensation Brands\",\"description\":\"Tu Decides cu\u00e1nto tiempo quieres trabajar y cu\u00e1nto dinero quieres ganar\",\"publisher\":{\"@id\":\"https:\/\/sensationbrands.net\/#organization\"},\"potentialAction\":[{\"@type\":\"SearchAction\",\"target\":{\"@type\":\"EntryPoint\",\"urlTemplate\":\"https:\/\/sensationbrands.net\/?s={search_term_string}\"},\"query-input\":{\"@type\":\"PropertyValueSpecification\",\"valueRequired\":true,\"valueName\":\"search_term_string\"}}],\"inLanguage\":\"es\"},{\"@type\":\"Organization\",\"@id\":\"https:\/\/sensationbrands.net\/#organization\",\"name\":\"Sensation Brands\",\"url\":\"https:\/\/sensationbrands.net\/\",\"logo\":{\"@type\":\"ImageObject\",\"inLanguage\":\"es\",\"@id\":\"https:\/\/sensationbrands.net\/#\/schema\/logo\/image\/\",\"url\":\"https:\/\/sensationbrands.net\/wp-content\/uploads\/2024\/10\/cropped-LOGO-HORIZONTAL-1.png\",\"contentUrl\":\"https:\/\/sensationbrands.net\/wp-content\/uploads\/2024\/10\/cropped-LOGO-HORIZONTAL-1.png\",\"width\":1026,\"height\":494,\"caption\":\"Sensation Brands\"},\"image\":{\"@id\":\"https:\/\/sensationbrands.net\/#\/schema\/logo\/image\/\"}}]}<\/script>\n<!-- \/ Yoast SEO plugin. -->","yoast_head_json":{"title":"REACTIVACI\u00d3N - Sensation Brands","robots":{"index":"index","follow":"follow","max-snippet":"max-snippet:-1","max-image-preview":"max-image-preview:large","max-video-preview":"max-video-preview:-1"},"canonical":"https:\/\/sensationbrands.net\/es\/reactivacion\/","og_locale":"es_ES","og_type":"article","og_title":"REACTIVACI\u00d3N - Sensation Brands","og_description":"\u00a1ESTAMOS FELICES DE TENERTE DE VUELTA! D\u00e9janos tus datos para reactivar tu cuenta y en la pr\u00f3ximas horas estaremos contact\u00e1ndote El mejor regalo que le puedes dar a tu familia es tiempo, por esa raz\u00f3n en Sensation Brands te apoyamos para que puedas ganar buen dinero en poco tiempo, te damos capacitaci\u00f3n constante para que [&hellip;]","og_url":"https:\/\/sensationbrands.net\/es\/reactivacion\/","og_site_name":"Sensation Brands","article_modified_time":"2022-02-04T02:03:00+00:00","og_image":[{"url":"http:\/\/sensationbrands.net\/wp-content\/uploads\/2022\/02\/bienvenida_reactivaciones_sb-1024x576.jpg"}],"twitter_card":"summary_large_image","twitter_misc":{"Tiempo de lectura":"1 minuto"},"schema":{"@context":"https:\/\/schema.org","@graph":[{"@type":"WebPage","@id":"https:\/\/sensationbrands.net\/reactivacion\/","url":"https:\/\/sensationbrands.net\/reactivacion\/","name":"REACTIVACI\u00d3N - Sensation Brands","isPartOf":{"@id":"https:\/\/sensationbrands.net\/#website"},"primaryImageOfPage":{"@id":"https:\/\/sensationbrands.net\/reactivacion\/#primaryimage"},"image":{"@id":"https:\/\/sensationbrands.net\/reactivacion\/#primaryimage"},"thumbnailUrl":"http:\/\/sensationbrands.net\/wp-content\/uploads\/2022\/02\/bienvenida_reactivaciones_sb-1024x576.jpg","datePublished":"2022-01-19T22:40:55+00:00","dateModified":"2022-02-04T02:03:00+00:00","breadcrumb":{"@id":"https:\/\/sensationbrands.net\/reactivacion\/#breadcrumb"},"inLanguage":"es","potentialAction":[{"@type":"ReadAction","target":["https:\/\/sensationbrands.net\/reactivacion\/"]}]},{"@type":"ImageObject","inLanguage":"es","@id":"https:\/\/sensationbrands.net\/reactivacion\/#primaryimage","url":"http:\/\/sensationbrands.net\/wp-content\/uploads\/2022\/02\/bienvenida_reactivaciones_sb-1024x576.jpg","contentUrl":"http:\/\/sensationbrands.net\/wp-content\/uploads\/2022\/02\/bienvenida_reactivaciones_sb-1024x576.jpg"},{"@type":"BreadcrumbList","@id":"https:\/\/sensationbrands.net\/reactivacion\/#breadcrumb","itemListElement":[{"@type":"ListItem","position":1,"name":"Portada","item":"https:\/\/sensationbrands.net\/"},{"@type":"ListItem","position":2,"name":"REACTIVACI\u00d3N"}]},{"@type":"WebSite","@id":"https:\/\/sensationbrands.net\/#website","url":"https:\/\/sensationbrands.net\/","name":"Sensation Brands","description":"Tu Decides cu\u00e1nto tiempo quieres trabajar y cu\u00e1nto dinero quieres ganar","publisher":{"@id":"https:\/\/sensationbrands.net\/#organization"},"potentialAction":[{"@type":"SearchAction","target":{"@type":"EntryPoint","urlTemplate":"https:\/\/sensationbrands.net\/?s={search_term_string}"},"query-input":{"@type":"PropertyValueSpecification","valueRequired":true,"valueName":"search_term_string"}}],"inLanguage":"es"},{"@type":"Organization","@id":"https:\/\/sensationbrands.net\/#organization","name":"Sensation Brands","url":"https:\/\/sensationbrands.net\/","logo":{"@type":"ImageObject","inLanguage":"es","@id":"https:\/\/sensationbrands.net\/#\/schema\/logo\/image\/","url":"https:\/\/sensationbrands.net\/wp-content\/uploads\/2024\/10\/cropped-LOGO-HORIZONTAL-1.png","contentUrl":"https:\/\/sensationbrands.net\/wp-content\/uploads\/2024\/10\/cropped-LOGO-HORIZONTAL-1.png","width":1026,"height":494,"caption":"Sensation Brands"},"image":{"@id":"https:\/\/sensationbrands.net\/#\/schema\/logo\/image\/"}}]}},"_links":{"self":[{"href":"https:\/\/sensationbrands.net\/es\/wp-json\/wp\/v2\/pages\/354"}],"collection":[{"href":"https:\/\/sensationbrands.net\/es\/wp-json\/wp\/v2\/pages"}],"about":[{"href":"https:\/\/sensationbrands.net\/es\/wp-json\/wp\/v2\/types\/page"}],"author":[{"embeddable":true,"href":"https:\/\/sensationbrands.net\/es\/wp-json\/wp\/v2\/users\/3"}],"replies":[{"embeddable":true,"href":"https:\/\/sensationbrands.net\/es\/wp-json\/wp\/v2\/comments?post=354"}],"version-history":[{"count":9,"href":"https:\/\/sensationbrands.net\/es\/wp-json\/wp\/v2\/pages\/354\/revisions"}],"predecessor-version":[{"id":600,"href":"https:\/\/sensationbrands.net\/es\/wp-json\/wp\/v2\/pages\/354\/revisions\/600"}],"wp:attachment":[{"href":"https:\/\/sensationbrands.net\/es\/wp-json\/wp\/v2\/media?parent=354"}],"curies":[{"name":"wp","href":"https:\/\/api.w.org\/{rel}","templated":true}]}}