{"id":4387,"date":"2023-01-04T02:17:05","date_gmt":"2023-01-04T02:17:05","guid":{"rendered":"http:\/\/sensationbrands.net\/?page_id=4387"},"modified":"2024-05-13T14:25:32","modified_gmt":"2024-05-13T14:25:32","slug":"gracias","status":"publish","type":"page","link":"https:\/\/sensationbrands.net\/es\/gracias\/","title":{"rendered":"Gracias"},"content":{"rendered":"<div data-elementor-type=\"wp-page\" data-elementor-id=\"4387\" class=\"elementor elementor-4387\" data-elementor-post-type=\"page\">\n\t\t\t\t<div class=\"elementor-element elementor-element-afb8438 e-flex e-con-boxed e-con e-parent\" data-id=\"afb8438\" data-element_type=\"container\" data-settings=\"{&quot;background_background&quot;:&quot;classic&quot;}\">\n\t\t\t\t\t<div class=\"e-con-inner\">\n\t\t<div class=\"elementor-element elementor-element-fdadafc e-con-full e-flex e-con e-child\" data-id=\"fdadafc\" data-element_type=\"container\">\n\t\t\t\t<div class=\"elementor-element elementor-element-299b2fa elementor-widget elementor-widget-heading\" data-id=\"299b2fa\" data-element_type=\"widget\" data-widget_type=\"heading.default\">\n\t\t\t\t<div class=\"elementor-widget-container\">\n\t\t\t\t\t<h2 class=\"elementor-heading-title elementor-size-default\">Gracias por registrarte<\/h2>\t\t\t\t<\/div>\n\t\t\t\t<\/div>\n\t\t\t\t<div class=\"elementor-element elementor-element-cd1a212 elementor-widget elementor-widget-text-editor\" data-id=\"cd1a212\" data-element_type=\"widget\" data-widget_type=\"text-editor.default\">\n\t\t\t\t<div class=\"elementor-widget-container\">\n\t\t\t\t\t\t\t\t\t<p>En las pr\u00f3ximas horas un representante estar\u00e1 conmunic\u00e1ndose\u00a0contigo.<\/p>\t\t\t\t\t\t\t\t<\/div>\n\t\t\t\t<\/div>\n\t\t\t\t<div class=\"elementor-element elementor-element-5170d02 elementor-align-center elementor-widget elementor-widget-button\" data-id=\"5170d02\" data-element_type=\"widget\" data-widget_type=\"button.default\">\n\t\t\t\t<div class=\"elementor-widget-container\">\n\t\t\t\t\t\t\t\t\t<div class=\"elementor-button-wrapper\">\n\t\t\t\t\t<a class=\"elementor-button elementor-button-link elementor-size-sm\" href=\"https:\/\/tienda.sensationbrands.net\/\" target=\"_blank\">\n\t\t\t\t\t\t<span class=\"elementor-button-content-wrapper\">\n\t\t\t\t\t\t\t\t\t<span class=\"elementor-button-text\">Visita nuestra Tienda\u00a0Online<\/span>\n\t\t\t\t\t<\/span>\n\t\t\t\t\t<\/a>\n\t\t\t\t<\/div>\n\t\t\t\t\t\t\t\t<\/div>\n\t\t\t\t<\/div>\n\t\t\t\t<\/div>\n\t\t\t\t\t<\/div>\n\t\t\t\t<\/div>\n\t\t\t\t<\/div>","protected":false},"excerpt":{"rendered":"<p>Gracias por registrarte En las pr\u00f3ximas horas un representante estar\u00e1 conmunic\u00e1ndose\u00a0contigo. Visita nuestra Tienda\u00a0Online<\/p>","protected":false},"author":2,"featured_media":0,"parent":0,"menu_order":0,"comment_status":"closed","ping_status":"closed","template":"elementor_header_footer","meta":{"_acf_changed":false,"_monsterinsights_skip_tracking":false,"_monsterinsights_sitenote_active":false,"_monsterinsights_sitenote_note":"","_monsterinsights_sitenote_category":0,"site-sidebar-layout":"no-sidebar","site-content-layout":"page-builder","ast-site-content-layout":"","site-content-style":"default","site-sidebar-style":"default","ast-global-header-display":"","ast-banner-title-visibility":"","ast-main-header-display":"","ast-hfb-above-header-display":"","ast-hfb-below-header-display":"","ast-hfb-mobile-header-display":"","site-post-title":"disabled","ast-breadcrumbs-content":"","ast-featured-img":"disabled","footer-sml-layout":"","theme-transparent-header-meta":"","adv-header-id-meta":"","stick-header-meta":"","header-above-stick-meta":"","header-main-stick-meta":"","header-below-stick-meta":"","astra-migrate-meta-layouts":"default","ast-page-background-enabled":"default","ast-page-background-meta":{"desktop":{"background-color":"var(--ast-global-color-4)","background-image":"","background-repeat":"repeat","background-position":"center center","background-size":"auto","background-attachment":"scroll","background-type":"","background-media":"","overlay-type":"","overlay-color":"","overlay-opacity":"","overlay-gradient":""},"tablet":{"background-color":"","background-image":"","background-repeat":"repeat","background-position":"center center","background-size":"auto","background-attachment":"scroll","background-type":"","background-media":"","overlay-type":"","overlay-color":"","overlay-opacity":"","overlay-gradient":""},"mobile":{"background-color":"","background-image":"","background-repeat":"repeat","background-position":"center center","background-size":"auto","background-attachment":"scroll","background-type":"","background-media":"","overlay-type":"","overlay-color":"","overlay-opacity":"","overlay-gradient":""}},"ast-content-background-meta":{"desktop":{"background-color":"var(--ast-global-color-5)","background-image":"","background-repeat":"repeat","background-position":"center center","background-size":"auto","background-attachment":"scroll","background-type":"","background-media":"","overlay-type":"","overlay-color":"","overlay-opacity":"","overlay-gradient":""},"tablet":{"background-color":"var(--ast-global-color-5)","background-image":"","background-repeat":"repeat","background-position":"center center","background-size":"auto","background-attachment":"scroll","background-type":"","background-media":"","overlay-type":"","overlay-color":"","overlay-opacity":"","overlay-gradient":""},"mobile":{"background-color":"var(--ast-global-color-5)","background-image":"","background-repeat":"repeat","background-position":"center center","background-size":"auto","background-attachment":"scroll","background-type":"","background-media":"","overlay-type":"","overlay-color":"","overlay-opacity":"","overlay-gradient":""}},"footnotes":""},"class_list":["post-4387","page","type-page","status-publish","hentry"],"acf":[],"yoast_head":"<!-- This site is optimized with the Yoast SEO plugin v23.7 - https:\/\/yoast.com\/wordpress\/plugins\/seo\/ -->\n<title>Gracias - Sensation Brands<\/title>\n<meta name=\"robots\" content=\"index, follow, max-snippet:-1, max-image-preview:large, max-video-preview:-1\" \/>\n<link rel=\"canonical\" href=\"https:\/\/sensationbrands.net\/es\/gracias\/\" \/>\n<meta property=\"og:locale\" content=\"es_ES\" \/>\n<meta property=\"og:type\" content=\"article\" \/>\n<meta property=\"og:title\" content=\"Gracias - Sensation Brands\" \/>\n<meta property=\"og:description\" content=\"Gracias por registrarte En las pr\u00f3ximas horas un representante estar\u00e1 conmunic\u00e1ndose\u00a0contigo. Visita nuestra Tienda\u00a0Online\" \/>\n<meta property=\"og:url\" content=\"https:\/\/sensationbrands.net\/es\/gracias\/\" \/>\n<meta property=\"og:site_name\" content=\"Sensation Brands\" \/>\n<meta property=\"article:modified_time\" content=\"2024-05-13T14:25:32+00:00\" \/>\n<meta name=\"twitter:card\" content=\"summary_large_image\" \/>\n<meta name=\"twitter:label1\" content=\"Tiempo de lectura\" \/>\n\t<meta name=\"twitter:data1\" content=\"1 minuto\" \/>\n<script type=\"application\/ld+json\" class=\"yoast-schema-graph\">{\"@context\":\"https:\/\/schema.org\",\"@graph\":[{\"@type\":\"WebPage\",\"@id\":\"https:\/\/sensationbrands.net\/gracias\/\",\"url\":\"https:\/\/sensationbrands.net\/gracias\/\",\"name\":\"Gracias - Sensation Brands\",\"isPartOf\":{\"@id\":\"https:\/\/sensationbrands.net\/#website\"},\"datePublished\":\"2023-01-04T02:17:05+00:00\",\"dateModified\":\"2024-05-13T14:25:32+00:00\",\"breadcrumb\":{\"@id\":\"https:\/\/sensationbrands.net\/gracias\/#breadcrumb\"},\"inLanguage\":\"es\",\"potentialAction\":[{\"@type\":\"ReadAction\",\"target\":[\"https:\/\/sensationbrands.net\/gracias\/\"]}]},{\"@type\":\"BreadcrumbList\",\"@id\":\"https:\/\/sensationbrands.net\/gracias\/#breadcrumb\",\"itemListElement\":[{\"@type\":\"ListItem\",\"position\":1,\"name\":\"Portada\",\"item\":\"https:\/\/sensationbrands.net\/\"},{\"@type\":\"ListItem\",\"position\":2,\"name\":\"Gracias\"}]},{\"@type\":\"WebSite\",\"@id\":\"https:\/\/sensationbrands.net\/#website\",\"url\":\"https:\/\/sensationbrands.net\/\",\"name\":\"Sensation Brands\",\"description\":\"Tu Decides cu\u00e1nto tiempo quieres trabajar y cu\u00e1nto dinero quieres ganar\",\"publisher\":{\"@id\":\"https:\/\/sensationbrands.net\/#organization\"},\"potentialAction\":[{\"@type\":\"SearchAction\",\"target\":{\"@type\":\"EntryPoint\",\"urlTemplate\":\"https:\/\/sensationbrands.net\/?s={search_term_string}\"},\"query-input\":{\"@type\":\"PropertyValueSpecification\",\"valueRequired\":true,\"valueName\":\"search_term_string\"}}],\"inLanguage\":\"es\"},{\"@type\":\"Organization\",\"@id\":\"https:\/\/sensationbrands.net\/#organization\",\"name\":\"Sensation Brands\",\"url\":\"https:\/\/sensationbrands.net\/\",\"logo\":{\"@type\":\"ImageObject\",\"inLanguage\":\"es\",\"@id\":\"https:\/\/sensationbrands.net\/#\/schema\/logo\/image\/\",\"url\":\"https:\/\/sensationbrands.net\/wp-content\/uploads\/2024\/10\/cropped-LOGO-HORIZONTAL-1.png\",\"contentUrl\":\"https:\/\/sensationbrands.net\/wp-content\/uploads\/2024\/10\/cropped-LOGO-HORIZONTAL-1.png\",\"width\":1026,\"height\":494,\"caption\":\"Sensation Brands\"},\"image\":{\"@id\":\"https:\/\/sensationbrands.net\/#\/schema\/logo\/image\/\"}}]}<\/script>\n<!-- \/ Yoast SEO plugin. -->","yoast_head_json":{"title":"Gracias - Sensation Brands","robots":{"index":"index","follow":"follow","max-snippet":"max-snippet:-1","max-image-preview":"max-image-preview:large","max-video-preview":"max-video-preview:-1"},"canonical":"https:\/\/sensationbrands.net\/es\/gracias\/","og_locale":"es_ES","og_type":"article","og_title":"Gracias - Sensation Brands","og_description":"Gracias por registrarte En las pr\u00f3ximas horas un representante estar\u00e1 conmunic\u00e1ndose\u00a0contigo. Visita nuestra Tienda\u00a0Online","og_url":"https:\/\/sensationbrands.net\/es\/gracias\/","og_site_name":"Sensation Brands","article_modified_time":"2024-05-13T14:25:32+00:00","twitter_card":"summary_large_image","twitter_misc":{"Tiempo de lectura":"1 minuto"},"schema":{"@context":"https:\/\/schema.org","@graph":[{"@type":"WebPage","@id":"https:\/\/sensationbrands.net\/gracias\/","url":"https:\/\/sensationbrands.net\/gracias\/","name":"Gracias - Sensation Brands","isPartOf":{"@id":"https:\/\/sensationbrands.net\/#website"},"datePublished":"2023-01-04T02:17:05+00:00","dateModified":"2024-05-13T14:25:32+00:00","breadcrumb":{"@id":"https:\/\/sensationbrands.net\/gracias\/#breadcrumb"},"inLanguage":"es","potentialAction":[{"@type":"ReadAction","target":["https:\/\/sensationbrands.net\/gracias\/"]}]},{"@type":"BreadcrumbList","@id":"https:\/\/sensationbrands.net\/gracias\/#breadcrumb","itemListElement":[{"@type":"ListItem","position":1,"name":"Portada","item":"https:\/\/sensationbrands.net\/"},{"@type":"ListItem","position":2,"name":"Gracias"}]},{"@type":"WebSite","@id":"https:\/\/sensationbrands.net\/#website","url":"https:\/\/sensationbrands.net\/","name":"Sensation Brands","description":"Tu Decides cu\u00e1nto tiempo quieres trabajar y cu\u00e1nto dinero quieres ganar","publisher":{"@id":"https:\/\/sensationbrands.net\/#organization"},"potentialAction":[{"@type":"SearchAction","target":{"@type":"EntryPoint","urlTemplate":"https:\/\/sensationbrands.net\/?s={search_term_string}"},"query-input":{"@type":"PropertyValueSpecification","valueRequired":true,"valueName":"search_term_string"}}],"inLanguage":"es"},{"@type":"Organization","@id":"https:\/\/sensationbrands.net\/#organization","name":"Sensation Brands","url":"https:\/\/sensationbrands.net\/","logo":{"@type":"ImageObject","inLanguage":"es","@id":"https:\/\/sensationbrands.net\/#\/schema\/logo\/image\/","url":"https:\/\/sensationbrands.net\/wp-content\/uploads\/2024\/10\/cropped-LOGO-HORIZONTAL-1.png","contentUrl":"https:\/\/sensationbrands.net\/wp-content\/uploads\/2024\/10\/cropped-LOGO-HORIZONTAL-1.png","width":1026,"height":494,"caption":"Sensation Brands"},"image":{"@id":"https:\/\/sensationbrands.net\/#\/schema\/logo\/image\/"}}]}},"_links":{"self":[{"href":"https:\/\/sensationbrands.net\/es\/wp-json\/wp\/v2\/pages\/4387"}],"collection":[{"href":"https:\/\/sensationbrands.net\/es\/wp-json\/wp\/v2\/pages"}],"about":[{"href":"https:\/\/sensationbrands.net\/es\/wp-json\/wp\/v2\/types\/page"}],"author":[{"embeddable":true,"href":"https:\/\/sensationbrands.net\/es\/wp-json\/wp\/v2\/users\/2"}],"replies":[{"embeddable":true,"href":"https:\/\/sensationbrands.net\/es\/wp-json\/wp\/v2\/comments?post=4387"}],"version-history":[{"count":28,"href":"https:\/\/sensationbrands.net\/es\/wp-json\/wp\/v2\/pages\/4387\/revisions"}],"predecessor-version":[{"id":6045,"href":"https:\/\/sensationbrands.net\/es\/wp-json\/wp\/v2\/pages\/4387\/revisions\/6045"}],"wp:attachment":[{"href":"https:\/\/sensationbrands.net\/es\/wp-json\/wp\/v2\/media?parent=4387"}],"curies":[{"name":"wp","href":"https:\/\/api.w.org\/{rel}","templated":true}]}}