{"id":4865,"date":"2023-10-14T01:52:04","date_gmt":"2023-10-14T01:52:04","guid":{"rendered":"https:\/\/sensationbrands.net\/aida-abrego-copy\/"},"modified":"2023-10-14T14:25:43","modified_gmt":"2023-10-14T14:25:43","slug":"eleisa-graham","status":"publish","type":"page","link":"https:\/\/sensationbrands.net\/es\/eleisa-graham\/","title":{"rendered":"Sensation Brands &#8211; Eleisa Graham"},"content":{"rendered":"<div data-elementor-type=\"wp-page\" data-elementor-id=\"4865\" class=\"elementor elementor-4865\" data-elementor-post-type=\"page\">\n\t\t\t\t\t\t<section class=\"elementor-section elementor-top-section elementor-element elementor-element-db45251 elementor-section-boxed elementor-section-height-default elementor-section-height-default\" data-id=\"db45251\" data-element_type=\"section\" data-settings=\"{&quot;background_background&quot;:&quot;classic&quot;}\">\n\t\t\t\t\t\t\t<div class=\"elementor-background-overlay\"><\/div>\n\t\t\t\t\t\t\t<div class=\"elementor-container elementor-column-gap-default\">\n\t\t\t\t\t<div class=\"elementor-column elementor-col-100 elementor-top-column elementor-element elementor-element-3722da9\" data-id=\"3722da9\" data-element_type=\"column\">\n\t\t\t<div class=\"elementor-widget-wrap elementor-element-populated\">\n\t\t\t\t\t\t<section class=\"elementor-section elementor-inner-section elementor-element elementor-element-576911a elementor-section-full_width elementor-section-height-default elementor-section-height-default\" data-id=\"576911a\" data-element_type=\"section\">\n\t\t\t\t\t\t<div class=\"elementor-container elementor-column-gap-default\">\n\t\t\t\t\t<div class=\"elementor-column elementor-col-33 elementor-inner-column elementor-element elementor-element-3e88245\" data-id=\"3e88245\" data-element_type=\"column\">\n\t\t\t<div class=\"elementor-widget-wrap\">\n\t\t\t\t\t\t\t<\/div>\n\t\t<\/div>\n\t\t\t\t<div class=\"elementor-column elementor-col-33 elementor-inner-column elementor-element elementor-element-9839dbd\" data-id=\"9839dbd\" data-element_type=\"column\">\n\t\t\t<div class=\"elementor-widget-wrap elementor-element-populated\">\n\t\t\t\t\t\t<div class=\"elementor-element elementor-element-88088c8 elementor-widget elementor-widget-spacer\" data-id=\"88088c8\" data-element_type=\"widget\" data-widget_type=\"spacer.default\">\n\t\t\t\t<div class=\"elementor-widget-container\">\n\t\t\t\t\t\t\t<div class=\"elementor-spacer\">\n\t\t\t<div class=\"elementor-spacer-inner\"><\/div>\n\t\t<\/div>\n\t\t\t\t\t\t<\/div>\n\t\t\t\t<\/div>\n\t\t\t\t<div class=\"elementor-element elementor-element-1d35b39 elementor-widget elementor-widget-image\" data-id=\"1d35b39\" data-element_type=\"widget\" data-widget_type=\"image.default\">\n\t\t\t\t<div class=\"elementor-widget-container\">\n\t\t\t\t\t\t\t\t\t\t\t\t\t\t\t\t<a href=\"https:\/\/tienda.sensationbrands.net\/representante\/192\/\">\n\t\t\t\t\t\t\t<img decoding=\"async\" src=\"https:\/\/sensationbrands.net\/wp-content\/uploads\/2023\/10\/Logo-Sbrands.png\" title=\"Logo Sbrands\" alt=\"Logo Sbrands\" loading=\"lazy\" \/>\t\t\t\t\t\t\t\t<\/a>\n\t\t\t\t\t\t\t\t\t\t\t\t\t\t\t<\/div>\n\t\t\t\t<\/div>\n\t\t\t\t<div class=\"elementor-element elementor-element-d5ece0a elementor-widget elementor-widget-heading\" data-id=\"d5ece0a\" data-element_type=\"widget\" data-widget_type=\"heading.default\">\n\t\t\t\t<div class=\"elementor-widget-container\">\n\t\t\t\t\t<p class=\"elementor-heading-title elementor-size-default\"><a href=\"https:\/\/tienda.sensationbrands.net\/representante\/192\/\">ELEISA NICHOLE <b style=\"color:#AC2689\">GRAHAM <\/b> <\/a><\/p>\t\t\t\t<\/div>\n\t\t\t\t<\/div>\n\t\t\t\t<div class=\"elementor-element elementor-element-bce98cb elementor-widget-divider--view-line elementor-widget elementor-widget-divider\" data-id=\"bce98cb\" data-element_type=\"widget\" data-widget_type=\"divider.default\">\n\t\t\t\t<div class=\"elementor-widget-container\">\n\t\t\t\t\t\t\t<div class=\"elementor-divider\">\n\t\t\t<span class=\"elementor-divider-separator\">\n\t\t\t\t\t\t<\/span>\n\t\t<\/div>\n\t\t\t\t\t\t<\/div>\n\t\t\t\t<\/div>\n\t\t\t\t<div class=\"elementor-element elementor-element-6a39026 elementor-widget elementor-widget-heading\" data-id=\"6a39026\" data-element_type=\"widget\" data-widget_type=\"heading.default\">\n\t\t\t\t<div class=\"elementor-widget-container\">\n\t\t\t\t\t<p class=\"elementor-heading-title elementor-size-default\">Welcome to my personal Sensation Brands web page.<\/p>\t\t\t\t<\/div>\n\t\t\t\t<\/div>\n\t\t\t\t<div class=\"elementor-element elementor-element-94c65be elementor-widget elementor-widget-heading\" data-id=\"94c65be\" data-element_type=\"widget\" data-widget_type=\"heading.default\">\n\t\t\t\t<div class=\"elementor-widget-container\">\n\t\t\t\t\t<p class=\"elementor-heading-title elementor-size-default\">As a Sensation Brands Representative I will advise you and accompany you in your purchase process of the Smart products that best suit you.<\/p>\t\t\t\t<\/div>\n\t\t\t\t<\/div>\n\t\t\t\t<div class=\"elementor-element elementor-element-f7562fd elementor-widget-divider--view-line elementor-widget elementor-widget-divider\" data-id=\"f7562fd\" data-element_type=\"widget\" data-widget_type=\"divider.default\">\n\t\t\t\t<div class=\"elementor-widget-container\">\n\t\t\t\t\t\t\t<div class=\"elementor-divider\">\n\t\t\t<span class=\"elementor-divider-separator\">\n\t\t\t\t\t\t<\/span>\n\t\t<\/div>\n\t\t\t\t\t\t<\/div>\n\t\t\t\t<\/div>\n\t\t\t\t<div class=\"elementor-element elementor-element-4cdbd79 elementor-align-center elementor-mobile-align-justify elementor-widget elementor-widget-button\" data-id=\"4cdbd79\" data-element_type=\"widget\" data-widget_type=\"button.default\">\n\t\t\t\t<div class=\"elementor-widget-container\">\n\t\t\t\t\t\t\t\t\t<div class=\"elementor-button-wrapper\">\n\t\t\t\t\t<a class=\"elementor-button elementor-button-link elementor-size-md\" href=\"https:\/\/tienda.sensationbrands.net\/representante\/192\/\" target=\"_blank\">\n\t\t\t\t\t\t<span class=\"elementor-button-content-wrapper\">\n\t\t\t\t\t\t<span class=\"elementor-button-icon\">\n\t\t\t\t<i aria-hidden=\"true\" class=\"fas fa-shopping-cart\"><\/i>\t\t\t<\/span>\n\t\t\t\t\t\t\t\t\t<span class=\"elementor-button-text\">VISIT MY STORE HERE<\/span>\n\t\t\t\t\t<\/span>\n\t\t\t\t\t<\/a>\n\t\t\t\t<\/div>\n\t\t\t\t\t\t\t\t<\/div>\n\t\t\t\t<\/div>\n\t\t\t\t\t<\/div>\n\t\t<\/div>\n\t\t\t\t<div class=\"elementor-column elementor-col-33 elementor-inner-column elementor-element elementor-element-b0fb026\" data-id=\"b0fb026\" data-element_type=\"column\">\n\t\t\t<div class=\"elementor-widget-wrap elementor-element-populated\">\n\t\t\t\t\t\t<div class=\"elementor-element elementor-element-82680e3 elementor-widget elementor-widget-spacer\" data-id=\"82680e3\" data-element_type=\"widget\" data-widget_type=\"spacer.default\">\n\t\t\t\t<div class=\"elementor-widget-container\">\n\t\t\t\t\t\t\t<div class=\"elementor-spacer\">\n\t\t\t<div class=\"elementor-spacer-inner\"><\/div>\n\t\t<\/div>\n\t\t\t\t\t\t<\/div>\n\t\t\t\t<\/div>\n\t\t\t\t\t<\/div>\n\t\t<\/div>\n\t\t\t\t\t<\/div>\n\t\t<\/section>\n\t\t\t\t\t<\/div>\n\t\t<\/div>\n\t\t\t\t\t<\/div>\n\t\t<\/section>\n\t\t\t\t<section class=\"elementor-section elementor-top-section elementor-element elementor-element-4922813 elementor-section-boxed elementor-section-height-default elementor-section-height-default\" data-id=\"4922813\" data-element_type=\"section\" data-settings=\"{&quot;background_background&quot;:&quot;classic&quot;}\">\n\t\t\t\t\t\t<div class=\"elementor-container elementor-column-gap-default\">\n\t\t\t\t\t<div class=\"elementor-column elementor-col-100 elementor-top-column elementor-element elementor-element-7f8763d\" data-id=\"7f8763d\" data-element_type=\"column\">\n\t\t\t<div class=\"elementor-widget-wrap\">\n\t\t\t\t\t\t\t<\/div>\n\t\t<\/div>\n\t\t\t\t\t<\/div>\n\t\t<\/section>\n\t\t\t\t<section class=\"elementor-section elementor-top-section elementor-element elementor-element-28072a1b envato-kit-141-top-0 elementor-section-boxed elementor-section-height-default elementor-section-height-default\" data-id=\"28072a1b\" data-element_type=\"section\" data-settings=\"{&quot;background_background&quot;:&quot;classic&quot;}\">\n\t\t\t\t\t\t\t<div class=\"elementor-background-overlay\"><\/div>\n\t\t\t\t\t\t\t<div class=\"elementor-container elementor-column-gap-wider\">\n\t\t\t\t\t<div class=\"elementor-column elementor-col-100 elementor-top-column elementor-element elementor-element-1e5d236b\" data-id=\"1e5d236b\" data-element_type=\"column\">\n\t\t\t<div class=\"elementor-widget-wrap elementor-element-populated\">\n\t\t\t\t\t\t<div class=\"elementor-element elementor-element-2eef582 elementor-invisible elementor-widget elementor-widget-heading\" data-id=\"2eef582\" data-element_type=\"widget\" data-settings=\"{&quot;_animation&quot;:&quot;fadeIn&quot;,&quot;_animation_delay&quot;:150}\" data-widget_type=\"heading.default\">\n\t\t\t\t<div class=\"elementor-widget-container\">\n\t\t\t\t\t<h2 class=\"elementor-heading-title elementor-size-default\">Me ENCANTAR\u00cdA SABER DE TI<\/h2>\t\t\t\t<\/div>\n\t\t\t\t<\/div>\n\t\t\t\t<div class=\"elementor-element elementor-element-10f69226 elementor-invisible elementor-widget elementor-widget-heading\" data-id=\"10f69226\" data-element_type=\"widget\" data-settings=\"{&quot;_animation&quot;:&quot;fadeIn&quot;,&quot;_animation_delay&quot;:100}\" data-widget_type=\"heading.default\">\n\t\t\t\t<div class=\"elementor-widget-container\">\n\t\t\t\t\t<h2 class=\"elementor-heading-title elementor-size-default\">Cont\u00e1ctame<\/h2>\t\t\t\t<\/div>\n\t\t\t\t<\/div>\n\t\t\t\t<div class=\"elementor-element elementor-element-77dd0189 elementor-widget-divider--view-line elementor-invisible elementor-widget elementor-widget-divider\" data-id=\"77dd0189\" data-element_type=\"widget\" data-settings=\"{&quot;_animation&quot;:&quot;fadeIn&quot;,&quot;_animation_delay&quot;:200}\" data-widget_type=\"divider.default\">\n\t\t\t\t<div class=\"elementor-widget-container\">\n\t\t\t\t\t\t\t<div class=\"elementor-divider\">\n\t\t\t<span class=\"elementor-divider-separator\">\n\t\t\t\t\t\t<\/span>\n\t\t<\/div>\n\t\t\t\t\t\t<\/div>\n\t\t\t\t<\/div>\n\t\t\t\t<section class=\"elementor-section elementor-inner-section elementor-element elementor-element-6fd63051 elementor-section-boxed elementor-section-height-default elementor-section-height-default\" data-id=\"6fd63051\" data-element_type=\"section\">\n\t\t\t\t\t\t<div class=\"elementor-container elementor-column-gap-no\">\n\t\t\t\t\t<div class=\"elementor-column elementor-col-50 elementor-inner-column elementor-element elementor-element-7535240e elementor-invisible\" data-id=\"7535240e\" data-element_type=\"column\" data-settings=\"{&quot;animation&quot;:&quot;fadeIn&quot;,&quot;animation_delay&quot;:150}\">\n\t\t\t<div class=\"elementor-widget-wrap elementor-element-populated\">\n\t\t\t\t\t\t<div class=\"elementor-element elementor-element-3600567f elementor-widget elementor-widget-heading\" data-id=\"3600567f\" data-element_type=\"widget\" data-widget_type=\"heading.default\">\n\t\t\t\t<div class=\"elementor-widget-container\">\n\t\t\t\t\t<h2 class=\"elementor-heading-title elementor-size-default\">comun\u00edcate conMIGO en:<\/h2>\t\t\t\t<\/div>\n\t\t\t\t<\/div>\n\t\t\t\t<div class=\"elementor-element elementor-element-33b328d1 elementor-icon-list--layout-traditional elementor-list-item-link-full_width elementor-widget elementor-widget-icon-list\" data-id=\"33b328d1\" data-element_type=\"widget\" data-widget_type=\"icon-list.default\">\n\t\t\t\t<div class=\"elementor-widget-container\">\n\t\t\t\t\t\t\t<ul class=\"elementor-icon-list-items\">\n\t\t\t\t\t\t\t<li class=\"elementor-icon-list-item\">\n\t\t\t\t\t\t\t\t\t\t\t<span class=\"elementor-icon-list-icon\">\n\t\t\t\t\t\t\t<i aria-hidden=\"true\" class=\"fas fa-phone\"><\/i>\t\t\t\t\t\t<\/span>\n\t\t\t\t\t\t\t\t\t\t<span class=\"elementor-icon-list-text\">+1 970 7686752<\/span>\n\t\t\t\t\t\t\t\t\t<\/li>\n\t\t\t\t\t\t\t\t<li class=\"elementor-icon-list-item\">\n\t\t\t\t\t\t\t\t\t\t\t<span class=\"elementor-icon-list-icon\">\n\t\t\t\t\t\t\t<i aria-hidden=\"true\" class=\"far fa-envelope-open\"><\/i>\t\t\t\t\t\t<\/span>\n\t\t\t\t\t\t\t\t\t\t<span class=\"elementor-icon-list-text\">ELEISAGRAHAM@GMAIL.COM<\/span>\n\t\t\t\t\t\t\t\t\t<\/li>\n\t\t\t\t\t\t<\/ul>\n\t\t\t\t\t\t<\/div>\n\t\t\t\t<\/div>\n\t\t\t\t\t<\/div>\n\t\t<\/div>\n\t\t\t\t<div class=\"elementor-column elementor-col-50 elementor-inner-column elementor-element elementor-element-7abddb11 elementor-invisible\" data-id=\"7abddb11\" data-element_type=\"column\" data-settings=\"{&quot;animation&quot;:&quot;fadeIn&quot;,&quot;animation_delay&quot;:200}\">\n\t\t\t<div class=\"elementor-widget-wrap elementor-element-populated\">\n\t\t\t\t\t\t<div class=\"elementor-element elementor-element-67eeb02e elementor-widget elementor-widget-heading\" data-id=\"67eeb02e\" data-element_type=\"widget\" data-widget_type=\"heading.default\">\n\t\t\t\t<div class=\"elementor-widget-container\">\n\t\t\t\t\t<h2 class=\"elementor-heading-title elementor-size-default\">redes sociales<\/h2>\t\t\t\t<\/div>\n\t\t\t\t<\/div>\n\t\t\t\t<div class=\"elementor-element elementor-element-4fe784b5 elementor-icon-list--layout-traditional elementor-list-item-link-full_width elementor-widget elementor-widget-icon-list\" data-id=\"4fe784b5\" data-element_type=\"widget\" data-widget_type=\"icon-list.default\">\n\t\t\t\t<div class=\"elementor-widget-container\">\n\t\t\t\t\t\t\t<ul class=\"elementor-icon-list-items\">\n\t\t\t\t\t\t\t<li class=\"elementor-icon-list-item\">\n\t\t\t\t\t\t\t\t\t\t\t<a href=\"https:\/\/www.facebook.com\/sensationbrands\">\n\n\t\t\t\t\t\t\t\t\t\t\t\t<span class=\"elementor-icon-list-icon\">\n\t\t\t\t\t\t\t<i aria-hidden=\"true\" class=\"fab fa-facebook-f\"><\/i>\t\t\t\t\t\t<\/span>\n\t\t\t\t\t\t\t\t\t\t<span class=\"elementor-icon-list-text\">Sensation Brands<\/span>\n\t\t\t\t\t\t\t\t\t\t\t<\/a>\n\t\t\t\t\t\t\t\t\t<\/li>\n\t\t\t\t\t\t\t\t<li class=\"elementor-icon-list-item\">\n\t\t\t\t\t\t\t\t\t\t\t<a href=\"https:\/\/www.instagram.com\/sensationbrands\/\">\n\n\t\t\t\t\t\t\t\t\t\t\t\t<span class=\"elementor-icon-list-icon\">\n\t\t\t\t\t\t\t<i aria-hidden=\"true\" class=\"fab fa-instagram\"><\/i>\t\t\t\t\t\t<\/span>\n\t\t\t\t\t\t\t\t\t\t<span class=\"elementor-icon-list-text\">@SensationBrands<\/span>\n\t\t\t\t\t\t\t\t\t\t\t<\/a>\n\t\t\t\t\t\t\t\t\t<\/li>\n\t\t\t\t\t\t<\/ul>\n\t\t\t\t\t\t<\/div>\n\t\t\t\t<\/div>\n\t\t\t\t\t<\/div>\n\t\t<\/div>\n\t\t\t\t\t<\/div>\n\t\t<\/section>\n\t\t\t\t\t<\/div>\n\t\t<\/div>\n\t\t\t\t\t<\/div>\n\t\t<\/section>\n\t\t\t\t<\/div>","protected":false},"excerpt":{"rendered":"<p>ELEISA NICHOLE GRAHAM Welcome to my personal Sensation Brands web page. As a Sensation Brands Representative I will advise you and accompany you in your purchase process of the Smart products that best suit you. VISIT MY STORE HERE me ENCANTAR\u00cdA SABER DE TI Cont\u00e1ctame comun\u00edcate conMIGO en: +1 970 7686752 ELEISAGRAHAM@GMAIL.COM redes sociales Sensation [&hellip;]<\/p>","protected":false},"author":2,"featured_media":0,"parent":0,"menu_order":0,"comment_status":"closed","ping_status":"closed","template":"elementor_header_footer","meta":{"_acf_changed":false,"_monsterinsights_skip_tracking":false,"_monsterinsights_sitenote_active":false,"_monsterinsights_sitenote_note":"","_monsterinsights_sitenote_category":0,"site-sidebar-layout":"no-sidebar","site-content-layout":"page-builder","ast-site-content-layout":"","site-content-style":"default","site-sidebar-style":"default","ast-global-header-display":"","ast-banner-title-visibility":"","ast-main-header-display":"","ast-hfb-above-header-display":"","ast-hfb-below-header-display":"","ast-hfb-mobile-header-display":"","site-post-title":"disabled","ast-breadcrumbs-content":"","ast-featured-img":"disabled","footer-sml-layout":"","theme-transparent-header-meta":"","adv-header-id-meta":"","stick-header-meta":"","header-above-stick-meta":"","header-main-stick-meta":"","header-below-stick-meta":"","astra-migrate-meta-layouts":"default","ast-page-background-enabled":"default","ast-page-background-meta":{"desktop":{"background-color":"var(--ast-global-color-4)","background-image":"","background-repeat":"repeat","background-position":"center center","background-size":"auto","background-attachment":"scroll","background-type":"","background-media":"","overlay-type":"","overlay-color":"","overlay-opacity":"","overlay-gradient":""},"tablet":{"background-color":"","background-image":"","background-repeat":"repeat","background-position":"center center","background-size":"auto","background-attachment":"scroll","background-type":"","background-media":"","overlay-type":"","overlay-color":"","overlay-opacity":"","overlay-gradient":""},"mobile":{"background-color":"","background-image":"","background-repeat":"repeat","background-position":"center center","background-size":"auto","background-attachment":"scroll","background-type":"","background-media":"","overlay-type":"","overlay-color":"","overlay-opacity":"","overlay-gradient":""}},"ast-content-background-meta":{"desktop":{"background-color":"var(--ast-global-color-5)","background-image":"","background-repeat":"repeat","background-position":"center center","background-size":"auto","background-attachment":"scroll","background-type":"","background-media":"","overlay-type":"","overlay-color":"","overlay-opacity":"","overlay-gradient":""},"tablet":{"background-color":"var(--ast-global-color-5)","background-image":"","background-repeat":"repeat","background-position":"center center","background-size":"auto","background-attachment":"scroll","background-type":"","background-media":"","overlay-type":"","overlay-color":"","overlay-opacity":"","overlay-gradient":""},"mobile":{"background-color":"var(--ast-global-color-5)","background-image":"","background-repeat":"repeat","background-position":"center center","background-size":"auto","background-attachment":"scroll","background-type":"","background-media":"","overlay-type":"","overlay-color":"","overlay-opacity":"","overlay-gradient":""}},"footnotes":""},"class_list":["post-4865","page","type-page","status-publish","hentry"],"acf":[],"yoast_head":"<!-- This site is optimized with the Yoast SEO plugin v23.7 - https:\/\/yoast.com\/wordpress\/plugins\/seo\/ -->\n<title>Sensation Brands - Eleisa Graham - Sensation Brands<\/title>\n<meta name=\"description\" content=\"Estar saludable es fundamental para mi. Por esto Conf\u00edo, mi piel, mi belleza y mi negocio a las Lineas Smart de Sensation Brands.\" \/>\n<meta name=\"robots\" content=\"index, follow, max-snippet:-1, max-image-preview:large, max-video-preview:-1\" \/>\n<link rel=\"canonical\" href=\"https:\/\/sensationbrands.net\/es\/eleisa-graham\/\" \/>\n<meta property=\"og:locale\" content=\"es_ES\" \/>\n<meta property=\"og:type\" content=\"article\" \/>\n<meta property=\"og:title\" content=\"Sensation Brands - Eleisa Graham - Sensation Brands\" \/>\n<meta property=\"og:description\" content=\"Estar saludable es fundamental para mi. Por esto Conf\u00edo, mi piel, mi belleza y mi negocio a las Lineas Smart de Sensation Brands.\" \/>\n<meta property=\"og:url\" content=\"https:\/\/sensationbrands.net\/es\/eleisa-graham\/\" \/>\n<meta property=\"og:site_name\" content=\"Sensation Brands\" \/>\n<meta property=\"article:modified_time\" content=\"2023-10-14T14:25:43+00:00\" \/>\n<meta property=\"og:image\" content=\"https:\/\/sensationbrands.net\/wp-content\/uploads\/2023\/10\/Logo-Sbrands.png\" \/>\n<meta name=\"twitter:card\" content=\"summary_large_image\" \/>\n<meta name=\"twitter:label1\" content=\"Tiempo de lectura\" \/>\n\t<meta name=\"twitter:data1\" content=\"1 minuto\" \/>\n<script type=\"application\/ld+json\" class=\"yoast-schema-graph\">{\"@context\":\"https:\/\/schema.org\",\"@graph\":[{\"@type\":\"WebPage\",\"@id\":\"https:\/\/sensationbrands.net\/eleisa-graham\/\",\"url\":\"https:\/\/sensationbrands.net\/eleisa-graham\/\",\"name\":\"Sensation Brands - Eleisa Graham - Sensation Brands\",\"isPartOf\":{\"@id\":\"https:\/\/sensationbrands.net\/#website\"},\"primaryImageOfPage\":{\"@id\":\"https:\/\/sensationbrands.net\/eleisa-graham\/#primaryimage\"},\"image\":{\"@id\":\"https:\/\/sensationbrands.net\/eleisa-graham\/#primaryimage\"},\"thumbnailUrl\":\"https:\/\/sensationbrands.net\/wp-content\/uploads\/2023\/10\/Logo-Sbrands.png\",\"datePublished\":\"2023-10-14T01:52:04+00:00\",\"dateModified\":\"2023-10-14T14:25:43+00:00\",\"description\":\"Estar saludable es fundamental para mi. Por esto Conf\u00edo, mi piel, mi belleza y mi negocio a las Lineas Smart de Sensation Brands.\",\"breadcrumb\":{\"@id\":\"https:\/\/sensationbrands.net\/eleisa-graham\/#breadcrumb\"},\"inLanguage\":\"es\",\"potentialAction\":[{\"@type\":\"ReadAction\",\"target\":[\"https:\/\/sensationbrands.net\/eleisa-graham\/\"]}]},{\"@type\":\"ImageObject\",\"inLanguage\":\"es\",\"@id\":\"https:\/\/sensationbrands.net\/eleisa-graham\/#primaryimage\",\"url\":\"https:\/\/sensationbrands.net\/wp-content\/uploads\/2023\/10\/Logo-Sbrands.png\",\"contentUrl\":\"https:\/\/sensationbrands.net\/wp-content\/uploads\/2023\/10\/Logo-Sbrands.png\"},{\"@type\":\"BreadcrumbList\",\"@id\":\"https:\/\/sensationbrands.net\/eleisa-graham\/#breadcrumb\",\"itemListElement\":[{\"@type\":\"ListItem\",\"position\":1,\"name\":\"Portada\",\"item\":\"https:\/\/sensationbrands.net\/\"},{\"@type\":\"ListItem\",\"position\":2,\"name\":\"Sensation Brands &#8211; Eleisa Graham\"}]},{\"@type\":\"WebSite\",\"@id\":\"https:\/\/sensationbrands.net\/#website\",\"url\":\"https:\/\/sensationbrands.net\/\",\"name\":\"Sensation Brands\",\"description\":\"Tu Decides cu\u00e1nto tiempo quieres trabajar y cu\u00e1nto dinero quieres ganar\",\"publisher\":{\"@id\":\"https:\/\/sensationbrands.net\/#organization\"},\"potentialAction\":[{\"@type\":\"SearchAction\",\"target\":{\"@type\":\"EntryPoint\",\"urlTemplate\":\"https:\/\/sensationbrands.net\/?s={search_term_string}\"},\"query-input\":{\"@type\":\"PropertyValueSpecification\",\"valueRequired\":true,\"valueName\":\"search_term_string\"}}],\"inLanguage\":\"es\"},{\"@type\":\"Organization\",\"@id\":\"https:\/\/sensationbrands.net\/#organization\",\"name\":\"Sensation Brands\",\"url\":\"https:\/\/sensationbrands.net\/\",\"logo\":{\"@type\":\"ImageObject\",\"inLanguage\":\"es\",\"@id\":\"https:\/\/sensationbrands.net\/#\/schema\/logo\/image\/\",\"url\":\"https:\/\/sensationbrands.net\/wp-content\/uploads\/2024\/10\/cropped-LOGO-HORIZONTAL-1.png\",\"contentUrl\":\"https:\/\/sensationbrands.net\/wp-content\/uploads\/2024\/10\/cropped-LOGO-HORIZONTAL-1.png\",\"width\":1026,\"height\":494,\"caption\":\"Sensation Brands\"},\"image\":{\"@id\":\"https:\/\/sensationbrands.net\/#\/schema\/logo\/image\/\"}}]}<\/script>\n<!-- \/ Yoast SEO plugin. -->","yoast_head_json":{"title":"Sensation Brands - Eleisa Graham - Sensation Brands","description":"Estar saludable es fundamental para mi. Por esto Conf\u00edo, mi piel, mi belleza y mi negocio a las Lineas Smart de Sensation Brands.","robots":{"index":"index","follow":"follow","max-snippet":"max-snippet:-1","max-image-preview":"max-image-preview:large","max-video-preview":"max-video-preview:-1"},"canonical":"https:\/\/sensationbrands.net\/es\/eleisa-graham\/","og_locale":"es_ES","og_type":"article","og_title":"Sensation Brands - Eleisa Graham - Sensation Brands","og_description":"Estar saludable es fundamental para mi. Por esto Conf\u00edo, mi piel, mi belleza y mi negocio a las Lineas Smart de Sensation Brands.","og_url":"https:\/\/sensationbrands.net\/es\/eleisa-graham\/","og_site_name":"Sensation Brands","article_modified_time":"2023-10-14T14:25:43+00:00","og_image":[{"url":"https:\/\/sensationbrands.net\/wp-content\/uploads\/2023\/10\/Logo-Sbrands.png"}],"twitter_card":"summary_large_image","twitter_misc":{"Tiempo de lectura":"1 minuto"},"schema":{"@context":"https:\/\/schema.org","@graph":[{"@type":"WebPage","@id":"https:\/\/sensationbrands.net\/eleisa-graham\/","url":"https:\/\/sensationbrands.net\/eleisa-graham\/","name":"Sensation Brands - Eleisa Graham - Sensation Brands","isPartOf":{"@id":"https:\/\/sensationbrands.net\/#website"},"primaryImageOfPage":{"@id":"https:\/\/sensationbrands.net\/eleisa-graham\/#primaryimage"},"image":{"@id":"https:\/\/sensationbrands.net\/eleisa-graham\/#primaryimage"},"thumbnailUrl":"https:\/\/sensationbrands.net\/wp-content\/uploads\/2023\/10\/Logo-Sbrands.png","datePublished":"2023-10-14T01:52:04+00:00","dateModified":"2023-10-14T14:25:43+00:00","description":"Estar saludable es fundamental para mi. Por esto Conf\u00edo, mi piel, mi belleza y mi negocio a las Lineas Smart de Sensation Brands.","breadcrumb":{"@id":"https:\/\/sensationbrands.net\/eleisa-graham\/#breadcrumb"},"inLanguage":"es","potentialAction":[{"@type":"ReadAction","target":["https:\/\/sensationbrands.net\/eleisa-graham\/"]}]},{"@type":"ImageObject","inLanguage":"es","@id":"https:\/\/sensationbrands.net\/eleisa-graham\/#primaryimage","url":"https:\/\/sensationbrands.net\/wp-content\/uploads\/2023\/10\/Logo-Sbrands.png","contentUrl":"https:\/\/sensationbrands.net\/wp-content\/uploads\/2023\/10\/Logo-Sbrands.png"},{"@type":"BreadcrumbList","@id":"https:\/\/sensationbrands.net\/eleisa-graham\/#breadcrumb","itemListElement":[{"@type":"ListItem","position":1,"name":"Portada","item":"https:\/\/sensationbrands.net\/"},{"@type":"ListItem","position":2,"name":"Sensation Brands &#8211; Eleisa Graham"}]},{"@type":"WebSite","@id":"https:\/\/sensationbrands.net\/#website","url":"https:\/\/sensationbrands.net\/","name":"Sensation Brands","description":"Tu Decides cu\u00e1nto tiempo quieres trabajar y cu\u00e1nto dinero quieres ganar","publisher":{"@id":"https:\/\/sensationbrands.net\/#organization"},"potentialAction":[{"@type":"SearchAction","target":{"@type":"EntryPoint","urlTemplate":"https:\/\/sensationbrands.net\/?s={search_term_string}"},"query-input":{"@type":"PropertyValueSpecification","valueRequired":true,"valueName":"search_term_string"}}],"inLanguage":"es"},{"@type":"Organization","@id":"https:\/\/sensationbrands.net\/#organization","name":"Sensation Brands","url":"https:\/\/sensationbrands.net\/","logo":{"@type":"ImageObject","inLanguage":"es","@id":"https:\/\/sensationbrands.net\/#\/schema\/logo\/image\/","url":"https:\/\/sensationbrands.net\/wp-content\/uploads\/2024\/10\/cropped-LOGO-HORIZONTAL-1.png","contentUrl":"https:\/\/sensationbrands.net\/wp-content\/uploads\/2024\/10\/cropped-LOGO-HORIZONTAL-1.png","width":1026,"height":494,"caption":"Sensation Brands"},"image":{"@id":"https:\/\/sensationbrands.net\/#\/schema\/logo\/image\/"}}]}},"_links":{"self":[{"href":"https:\/\/sensationbrands.net\/es\/wp-json\/wp\/v2\/pages\/4865"}],"collection":[{"href":"https:\/\/sensationbrands.net\/es\/wp-json\/wp\/v2\/pages"}],"about":[{"href":"https:\/\/sensationbrands.net\/es\/wp-json\/wp\/v2\/types\/page"}],"author":[{"embeddable":true,"href":"https:\/\/sensationbrands.net\/es\/wp-json\/wp\/v2\/users\/2"}],"replies":[{"embeddable":true,"href":"https:\/\/sensationbrands.net\/es\/wp-json\/wp\/v2\/comments?post=4865"}],"version-history":[{"count":5,"href":"https:\/\/sensationbrands.net\/es\/wp-json\/wp\/v2\/pages\/4865\/revisions"}],"predecessor-version":[{"id":4870,"href":"https:\/\/sensationbrands.net\/es\/wp-json\/wp\/v2\/pages\/4865\/revisions\/4870"}],"wp:attachment":[{"href":"https:\/\/sensationbrands.net\/es\/wp-json\/wp\/v2\/media?parent=4865"}],"curies":[{"name":"wp","href":"https:\/\/api.w.org\/{rel}","templated":true}]}}