{"id":5893,"date":"2024-02-21T18:30:10","date_gmt":"2024-02-21T18:30:10","guid":{"rendered":"https:\/\/sensationbrands.net\/?page_id=5893"},"modified":"2026-04-01T01:39:37","modified_gmt":"2026-04-01T01:39:37","slug":"catalogo","status":"publish","type":"page","link":"https:\/\/sensationbrands.net\/es\/catalogo\/","title":{"rendered":"Catalogo"},"content":{"rendered":"<div class=\"_3d-flip-book  fb3d-fullscreen-mode full-size\" data-id=\"7561\" data-mode=\"fullscreen\" data-title=\"false\" data-template=\"short-white-book-view\" data-lightbox=\"dark-shadow\" data-urlparam=\"fb3d-page\" data-page-n=\"0\" data-pdf=\"\" data-tax=\"null\" data-thumbnail=\"\" data-cols=\"3\" data-book-template=\"default\" data-trigger=\"\"><\/div><script type=\"text\/javascript\">window.FB3D_CLIENT_DATA = window.FB3D_CLIENT_DATA || [];FB3D_CLIENT_DATA.push('eyJwb3N0cyI6eyI3NTYxIjp7IklEIjo3NTYxLCJ0aXRsZSI6IkNhdGFsb2dvIDIwMjYtIEVzcGFcdTAwZjFvbCIsInR5cGUiOiJwZGYiLCJyZWFkeV9mdW5jdGlvbiI6IiIsImJvb2tfc3R5bGUiOiJmbGF0IiwiYm9va190ZW1wbGF0ZSI6Im5vbmUiLCJvdXRsaW5lIjpbXSwiZGF0YSI6eyJwb3N0X0lEIjoiOTcyNSIsImd1aWQiOiJodHRwczpcL1wvc2Vuc2F0aW9uYnJhbmRzLm5ldFwvd3AtY29udGVudFwvdXBsb2Fkc1wvMjAyNVwvMDNcL0NBVC0yMDI2LUVzLnBkZiIsInBkZl9wYWdlcyI6IjM5IiwicGFnZXNfY3VzdG9taXphdGlvbiI6Im5vbmUifSwidGh1bWJuYWlsIjp7ImRhdGEiOnsicG9zdF9JRCI6Ijk3MjMifSwidHlwZSI6Im1lZGlhSW1hZ2UifSwicHJvcHMiOnsiYmFja2dyb3VuZENvbG9yIjoiYXV0byIsImJhY2tncm91bmRJbWFnZSI6ImF1dG8iLCJiYWNrZ3JvdW5kU3R5bGUiOiJhdXRvIiwiaGlnaGxpZ2h0TGlua3MiOiJhdXRvIiwibGlnaHRpbmciOiJhdXRvIiwic2luZ2xlUGFnZU1vZGUiOiJhdXRvIiwiY2FjaGVkUGFnZXMiOiJhdXRvIiwicmVuZGVySW5hY3RpdmVQYWdlcyI6ImF1dG8iLCJyZW5kZXJJbmFjdGl2ZVBhZ2VzT25Nb2JpbGUiOiJhdXRvIiwicmVuZGVyV2hpbGVGbGlwcGluZyI6ImF1dG8iLCJwcmVsb2FkUGFnZXMiOiJhdXRvIiwiYXV0b1BsYXlEdXJhdGlvbiI6ImF1dG8iLCJydGwiOiJhdXRvIiwiaW50ZXJhY3RpdmVDb3JuZXJzIjoiYXV0byIsIm1heERlcHRoIjoiYXV0byIsInNoZWV0Ijp7InN0YXJ0VmVsb2NpdHkiOiJhdXRvIiwid2F2ZSI6ImF1dG8iLCJzaGFwZSI6ImF1dG8iLCJ3aWR0aFRleGVscyI6ImF1dG8iLCJjb2xvciI6ImF1dG8iLCJzaWRlIjoiYXV0byIsInN0cmV0Y2hJbWFnZXMiOiJhdXRvIiwiY29ybmVyRGV2aWF0aW9uIjoiYXV0byIsImZsZXhpYmlsaXR5IjoiYXV0byIsImZsZXhpYmxlQ29ybmVyIjoiYXV0byIsImJlbmRpbmciOiJhdXRvIiwiaGVpZ2h0VGV4ZWxzIjoiYXV0byJ9LCJjb3ZlciI6eyJ3YXZlIjoiYXV0byIsImNvbG9yIjoiYXV0byIsInNpZGUiOiJhdXRvIiwic3RyZXRjaEltYWdlcyI6ImF1dG8iLCJiaW5kZXJUZXh0dXJlIjoiYXV0byIsImRlcHRoIjoiYXV0byIsInBhZGRpbmciOiJhdXRvIiwic3RhcnRWZWxvY2l0eSI6ImF1dG8iLCJmbGV4aWJpbGl0eSI6ImF1dG8iLCJmbGV4aWJsZUNvcm5lciI6ImF1dG8iLCJiZW5kaW5nIjoiYXV0byIsIndpZHRoVGV4ZWxzIjoiYXV0byIsImhlaWdodFRleGVscyI6ImF1dG8iLCJtYXNzIjoiYXV0byIsInNoYXBlIjoiYXV0byJ9LCJwYWdlIjp7IndhdmUiOiJhdXRvIiwiY29sb3IiOiJhdXRvIiwic2lkZSI6ImF1dG8iLCJzdHJldGNoSW1hZ2VzIjoiYXV0byIsImRlcHRoIjoiYXV0byIsInN0YXJ0VmVsb2NpdHkiOiJhdXRvIiwiZmxleGliaWxpdHkiOiJhdXRvIiwiZmxleGlibGVDb3JuZXIiOiJhdXRvIiwiYmVuZGluZyI6ImF1dG8iLCJ3aWR0aFRleGVscyI6ImF1dG8iLCJoZWlnaHRUZXhlbHMiOiJhdXRvIiwibWFzcyI6ImF1dG8iLCJzaGFwZSI6ImF1dG8ifSwiaGVpZ2h0IjoiYXV0byIsIndpZHRoIjoiYXV0byIsImdyYXZpdHkiOiJhdXRvIiwicGFnZXNGb3JQcmVkaWN0aW5nIjoiYXV0byJ9LCJjb250cm9sUHJvcHMiOnsiYWN0aW9ucyI6eyJjbWRUb2MiOnsiZW5hYmxlZCI6ImF1dG8iLCJlbmFibGVkSW5OYXJyb3ciOiJhdXRvIiwiYWN0aXZlIjoiYXV0byIsImRlZmF1bHRUYWIiOiJhdXRvIn0sImNtZEF1dG9QbGF5Ijp7ImVuYWJsZWQiOiJhdXRvIiwiZW5hYmxlZEluTmFycm93IjoiYXV0byIsImFjdGl2ZSI6ImF1dG8ifSwiY21kU2F2ZSI6eyJlbmFibGVkIjoiYXV0byIsImVuYWJsZWRJbk5hcnJvdyI6ImF1dG8ifSwiY21kUHJpbnQiOnsiZW5hYmxlZCI6ImF1dG8iLCJlbmFibGVkSW5OYXJyb3ciOiJhdXRvIn0sImNtZFNpbmdsZVBhZ2UiOnsiZW5hYmxlZCI6ImF1dG8iLCJlbmFibGVkSW5OYXJyb3ciOiJhdXRvIiwiYWN0aXZlIjoiYXV0byIsImFjdGl2ZUZvck1vYmlsZSI6ImF1dG8ifSwid2lkVG9vbGJhciI6eyJlbmFibGVkIjoiYXV0byIsImVuYWJsZWRJbk5hcnJvdyI6ImF1dG8ifX19LCJhdXRvVGh1bWJuYWlsIjpudWxsLCJwb3N0X25hbWUiOiJjYXRhbG9nby0yMDI1IiwicG9zdF90eXBlIjoiM2QtZmxpcC1ib29rIn19LCJwYWdlcyI6W10sImZpcnN0UGFnZXMiOltdfQ==');window.FB3D_CLIENT_LOCALE && FB3D_CLIENT_LOCALE.render && FB3D_CLIENT_LOCALE.render();<\/script>","protected":false},"excerpt":{"rendered":"","protected":false},"author":2,"featured_media":9723,"parent":0,"menu_order":0,"comment_status":"closed","ping_status":"closed","template":"","meta":{"_acf_changed":false,"_monsterinsights_skip_tracking":false,"_monsterinsights_sitenote_active":false,"_monsterinsights_sitenote_note":"","_monsterinsights_sitenote_category":0,"site-sidebar-layout":"default","site-content-layout":"","ast-site-content-layout":"default","site-content-style":"default","site-sidebar-style":"default","ast-global-header-display":"","ast-banner-title-visibility":"","ast-main-header-display":"","ast-hfb-above-header-display":"","ast-hfb-below-header-display":"","ast-hfb-mobile-header-display":"","site-post-title":"","ast-breadcrumbs-content":"","ast-featured-img":"","footer-sml-layout":"","theme-transparent-header-meta":"","adv-header-id-meta":"","stick-header-meta":"","header-above-stick-meta":"","header-main-stick-meta":"","header-below-stick-meta":"","astra-migrate-meta-layouts":"set","ast-page-background-enabled":"default","ast-page-background-meta":{"desktop":{"background-color":"var(--ast-global-color-4)","background-image":"","background-repeat":"repeat","background-position":"center center","background-size":"auto","background-attachment":"scroll","background-type":"","background-media":"","overlay-type":"","overlay-color":"","overlay-opacity":"","overlay-gradient":""},"tablet":{"background-color":"","background-image":"","background-repeat":"repeat","background-position":"center center","background-size":"auto","background-attachment":"scroll","background-type":"","background-media":"","overlay-type":"","overlay-color":"","overlay-opacity":"","overlay-gradient":""},"mobile":{"background-color":"","background-image":"","background-repeat":"repeat","background-position":"center center","background-size":"auto","background-attachment":"scroll","background-type":"","background-media":"","overlay-type":"","overlay-color":"","overlay-opacity":"","overlay-gradient":""}},"ast-content-background-meta":{"desktop":{"background-color":"var(--ast-global-color-5)","background-image":"","background-repeat":"repeat","background-position":"center center","background-size":"auto","background-attachment":"scroll","background-type":"","background-media":"","overlay-type":"","overlay-color":"","overlay-opacity":"","overlay-gradient":""},"tablet":{"background-color":"var(--ast-global-color-5)","background-image":"","background-repeat":"repeat","background-position":"center center","background-size":"auto","background-attachment":"scroll","background-type":"","background-media":"","overlay-type":"","overlay-color":"","overlay-opacity":"","overlay-gradient":""},"mobile":{"background-color":"var(--ast-global-color-5)","background-image":"","background-repeat":"repeat","background-position":"center center","background-size":"auto","background-attachment":"scroll","background-type":"","background-media":"","overlay-type":"","overlay-color":"","overlay-opacity":"","overlay-gradient":""}},"footnotes":""},"class_list":["post-5893","page","type-page","status-publish","has-post-thumbnail","hentry"],"acf":[],"yoast_head":"<!-- This site is optimized with the Yoast SEO plugin v23.7 - https:\/\/yoast.com\/wordpress\/plugins\/seo\/ -->\n<title>Catalogo - Sensation Brands<\/title>\n<meta name=\"description\" content=\"Descubre el cat\u00e1logo de Sensation Brands: belleza, bienestar y joyer\u00eda premium dise\u00f1ados para impulsar tu estilo de vida con calidad\u00a0y\u00a0elegancia\" \/>\n<meta name=\"robots\" content=\"index, nofollow, max-snippet:-1, max-image-preview:large, max-video-preview:-1\" \/>\n<link rel=\"canonical\" href=\"https:\/\/sensationbrands.net\/es\/catalogo\/\" \/>\n<meta property=\"og:locale\" content=\"es_ES\" \/>\n<meta property=\"og:type\" content=\"article\" \/>\n<meta property=\"og:title\" content=\"Catalogo - Sensation Brands\" \/>\n<meta property=\"og:description\" content=\"Descubre el cat\u00e1logo de Sensation Brands: belleza, bienestar y joyer\u00eda premium dise\u00f1ados para impulsar tu estilo de vida con calidad\u00a0y\u00a0elegancia\" \/>\n<meta property=\"og:url\" content=\"https:\/\/sensationbrands.net\/es\/catalogo\/\" \/>\n<meta property=\"og:site_name\" content=\"Sensation Brands\" \/>\n<meta property=\"article:modified_time\" content=\"2026-04-01T01:39:37+00:00\" \/>\n<meta property=\"og:image\" content=\"https:\/\/sensationbrands.net\/wp-content\/uploads\/2025\/03\/Fav-Cat.png\" \/>\n\t<meta property=\"og:image:width\" content=\"1181\" \/>\n\t<meta property=\"og:image:height\" content=\"1181\" \/>\n\t<meta property=\"og:image:type\" content=\"image\/png\" \/>\n<meta name=\"twitter:card\" content=\"summary_large_image\" \/>\n<meta name=\"twitter:label1\" content=\"Tiempo de lectura\" \/>\n\t<meta name=\"twitter:data1\" content=\"1 minuto\" \/>\n<script type=\"application\/ld+json\" class=\"yoast-schema-graph\">{\"@context\":\"https:\/\/schema.org\",\"@graph\":[{\"@type\":\"WebPage\",\"@id\":\"https:\/\/sensationbrands.net\/catalogo\/\",\"url\":\"https:\/\/sensationbrands.net\/catalogo\/\",\"name\":\"Catalogo - Sensation Brands\",\"isPartOf\":{\"@id\":\"https:\/\/sensationbrands.net\/#website\"},\"primaryImageOfPage\":{\"@id\":\"https:\/\/sensationbrands.net\/catalogo\/#primaryimage\"},\"image\":{\"@id\":\"https:\/\/sensationbrands.net\/catalogo\/#primaryimage\"},\"thumbnailUrl\":\"https:\/\/sensationbrands.net\/wp-content\/uploads\/2025\/03\/Fav-Cat.png\",\"datePublished\":\"2024-02-21T18:30:10+00:00\",\"dateModified\":\"2026-04-01T01:39:37+00:00\",\"description\":\"Descubre el cat\u00e1logo de Sensation Brands: belleza, bienestar y joyer\u00eda premium dise\u00f1ados para impulsar tu estilo de vida con calidad\u00a0y\u00a0elegancia\",\"breadcrumb\":{\"@id\":\"https:\/\/sensationbrands.net\/catalogo\/#breadcrumb\"},\"inLanguage\":\"es\",\"potentialAction\":[{\"@type\":\"ReadAction\",\"target\":[\"https:\/\/sensationbrands.net\/catalogo\/\"]}]},{\"@type\":\"ImageObject\",\"inLanguage\":\"es\",\"@id\":\"https:\/\/sensationbrands.net\/catalogo\/#primaryimage\",\"url\":\"https:\/\/sensationbrands.net\/wp-content\/uploads\/2025\/03\/Fav-Cat.png\",\"contentUrl\":\"https:\/\/sensationbrands.net\/wp-content\/uploads\/2025\/03\/Fav-Cat.png\",\"width\":1181,\"height\":1181},{\"@type\":\"BreadcrumbList\",\"@id\":\"https:\/\/sensationbrands.net\/catalogo\/#breadcrumb\",\"itemListElement\":[{\"@type\":\"ListItem\",\"position\":1,\"name\":\"Portada\",\"item\":\"https:\/\/sensationbrands.net\/\"},{\"@type\":\"ListItem\",\"position\":2,\"name\":\"Catalogo\"}]},{\"@type\":\"WebSite\",\"@id\":\"https:\/\/sensationbrands.net\/#website\",\"url\":\"https:\/\/sensationbrands.net\/\",\"name\":\"Sensation Brands\",\"description\":\"Tu Decides cu\u00e1nto tiempo quieres trabajar y cu\u00e1nto dinero quieres ganar\",\"publisher\":{\"@id\":\"https:\/\/sensationbrands.net\/#organization\"},\"potentialAction\":[{\"@type\":\"SearchAction\",\"target\":{\"@type\":\"EntryPoint\",\"urlTemplate\":\"https:\/\/sensationbrands.net\/?s={search_term_string}\"},\"query-input\":{\"@type\":\"PropertyValueSpecification\",\"valueRequired\":true,\"valueName\":\"search_term_string\"}}],\"inLanguage\":\"es\"},{\"@type\":\"Organization\",\"@id\":\"https:\/\/sensationbrands.net\/#organization\",\"name\":\"Sensation Brands\",\"url\":\"https:\/\/sensationbrands.net\/\",\"logo\":{\"@type\":\"ImageObject\",\"inLanguage\":\"es\",\"@id\":\"https:\/\/sensationbrands.net\/#\/schema\/logo\/image\/\",\"url\":\"https:\/\/sensationbrands.net\/wp-content\/uploads\/2024\/10\/cropped-LOGO-HORIZONTAL-1.png\",\"contentUrl\":\"https:\/\/sensationbrands.net\/wp-content\/uploads\/2024\/10\/cropped-LOGO-HORIZONTAL-1.png\",\"width\":1026,\"height\":494,\"caption\":\"Sensation Brands\"},\"image\":{\"@id\":\"https:\/\/sensationbrands.net\/#\/schema\/logo\/image\/\"}}]}<\/script>\n<!-- \/ Yoast SEO plugin. -->","yoast_head_json":{"title":"Catalogo - Sensation Brands","description":"Descubre el cat\u00e1logo de Sensation Brands: belleza, bienestar y joyer\u00eda premium dise\u00f1ados para impulsar tu estilo de vida con calidad\u00a0y\u00a0elegancia","robots":{"index":"index","follow":"nofollow","max-snippet":"max-snippet:-1","max-image-preview":"max-image-preview:large","max-video-preview":"max-video-preview:-1"},"canonical":"https:\/\/sensationbrands.net\/es\/catalogo\/","og_locale":"es_ES","og_type":"article","og_title":"Catalogo - Sensation Brands","og_description":"Descubre el cat\u00e1logo de Sensation Brands: belleza, bienestar y joyer\u00eda premium dise\u00f1ados para impulsar tu estilo de vida con calidad\u00a0y\u00a0elegancia","og_url":"https:\/\/sensationbrands.net\/es\/catalogo\/","og_site_name":"Sensation Brands","article_modified_time":"2026-04-01T01:39:37+00:00","og_image":[{"width":1181,"height":1181,"url":"https:\/\/sensationbrands.net\/wp-content\/uploads\/2025\/03\/Fav-Cat.png","type":"image\/png"}],"twitter_card":"summary_large_image","twitter_misc":{"Tiempo de lectura":"1 minuto"},"schema":{"@context":"https:\/\/schema.org","@graph":[{"@type":"WebPage","@id":"https:\/\/sensationbrands.net\/catalogo\/","url":"https:\/\/sensationbrands.net\/catalogo\/","name":"Catalogo - Sensation Brands","isPartOf":{"@id":"https:\/\/sensationbrands.net\/#website"},"primaryImageOfPage":{"@id":"https:\/\/sensationbrands.net\/catalogo\/#primaryimage"},"image":{"@id":"https:\/\/sensationbrands.net\/catalogo\/#primaryimage"},"thumbnailUrl":"https:\/\/sensationbrands.net\/wp-content\/uploads\/2025\/03\/Fav-Cat.png","datePublished":"2024-02-21T18:30:10+00:00","dateModified":"2026-04-01T01:39:37+00:00","description":"Descubre el cat\u00e1logo de Sensation Brands: belleza, bienestar y joyer\u00eda premium dise\u00f1ados para impulsar tu estilo de vida con calidad\u00a0y\u00a0elegancia","breadcrumb":{"@id":"https:\/\/sensationbrands.net\/catalogo\/#breadcrumb"},"inLanguage":"es","potentialAction":[{"@type":"ReadAction","target":["https:\/\/sensationbrands.net\/catalogo\/"]}]},{"@type":"ImageObject","inLanguage":"es","@id":"https:\/\/sensationbrands.net\/catalogo\/#primaryimage","url":"https:\/\/sensationbrands.net\/wp-content\/uploads\/2025\/03\/Fav-Cat.png","contentUrl":"https:\/\/sensationbrands.net\/wp-content\/uploads\/2025\/03\/Fav-Cat.png","width":1181,"height":1181},{"@type":"BreadcrumbList","@id":"https:\/\/sensationbrands.net\/catalogo\/#breadcrumb","itemListElement":[{"@type":"ListItem","position":1,"name":"Portada","item":"https:\/\/sensationbrands.net\/"},{"@type":"ListItem","position":2,"name":"Catalogo"}]},{"@type":"WebSite","@id":"https:\/\/sensationbrands.net\/#website","url":"https:\/\/sensationbrands.net\/","name":"Sensation Brands","description":"Tu Decides cu\u00e1nto tiempo quieres trabajar y cu\u00e1nto dinero quieres ganar","publisher":{"@id":"https:\/\/sensationbrands.net\/#organization"},"potentialAction":[{"@type":"SearchAction","target":{"@type":"EntryPoint","urlTemplate":"https:\/\/sensationbrands.net\/?s={search_term_string}"},"query-input":{"@type":"PropertyValueSpecification","valueRequired":true,"valueName":"search_term_string"}}],"inLanguage":"es"},{"@type":"Organization","@id":"https:\/\/sensationbrands.net\/#organization","name":"Sensation Brands","url":"https:\/\/sensationbrands.net\/","logo":{"@type":"ImageObject","inLanguage":"es","@id":"https:\/\/sensationbrands.net\/#\/schema\/logo\/image\/","url":"https:\/\/sensationbrands.net\/wp-content\/uploads\/2024\/10\/cropped-LOGO-HORIZONTAL-1.png","contentUrl":"https:\/\/sensationbrands.net\/wp-content\/uploads\/2024\/10\/cropped-LOGO-HORIZONTAL-1.png","width":1026,"height":494,"caption":"Sensation Brands"},"image":{"@id":"https:\/\/sensationbrands.net\/#\/schema\/logo\/image\/"}}]}},"_links":{"self":[{"href":"https:\/\/sensationbrands.net\/es\/wp-json\/wp\/v2\/pages\/5893"}],"collection":[{"href":"https:\/\/sensationbrands.net\/es\/wp-json\/wp\/v2\/pages"}],"about":[{"href":"https:\/\/sensationbrands.net\/es\/wp-json\/wp\/v2\/types\/page"}],"author":[{"embeddable":true,"href":"https:\/\/sensationbrands.net\/es\/wp-json\/wp\/v2\/users\/2"}],"replies":[{"embeddable":true,"href":"https:\/\/sensationbrands.net\/es\/wp-json\/wp\/v2\/comments?post=5893"}],"version-history":[{"count":2,"href":"https:\/\/sensationbrands.net\/es\/wp-json\/wp\/v2\/pages\/5893\/revisions"}],"predecessor-version":[{"id":7562,"href":"https:\/\/sensationbrands.net\/es\/wp-json\/wp\/v2\/pages\/5893\/revisions\/7562"}],"wp:featuredmedia":[{"embeddable":true,"href":"https:\/\/sensationbrands.net\/es\/wp-json\/wp\/v2\/media\/9723"}],"wp:attachment":[{"href":"https:\/\/sensationbrands.net\/es\/wp-json\/wp\/v2\/media?parent=5893"}],"curies":[{"name":"wp","href":"https:\/\/api.w.org\/{rel}","templated":true}]}}